{"id":23,"date":"2014-06-03T17:42:29","date_gmt":"2014-06-03T15:42:29","guid":{"rendered":"http:\/\/astralyss.fr\/?page_id=23"},"modified":"2022-05-27T16:52:33","modified_gmt":"2022-05-27T14:52:33","slug":"contact","status":"publish","type":"page","link":"https:\/\/astralyss.fr\/?page_id=23","title":{"rendered":"Contact"},"content":{"rendered":"<p>[et_pb_section bb_built=\u00a0\u00bb1&Prime; admin_label=\u00a0\u00bbsection\u00a0\u00bb parallax_method=\u00a0\u00bboff\u00a0\u00bb padding_mobile=\u00a0\u00bboff\u00a0\u00bb _builder_version=\u00a0\u00bb3.0.51&Prime; background_video_mp4=\u00a0\u00bbhttp:\/\/astralyss.fr\/wp-content\/uploads\/2014\/11\/eso_observatory-the_enclosure_of_the_next_generation_transit_survey_NGTS_at_paranal_eso_european_southern_observatory_europescienceuniverse.mp4&Prime; background_image=\u00a0\u00bbhttp:\/\/astralyss.fr\/wp-content\/uploads\/2014\/06\/orion-belt.jpg\u00a0\u00bb][et_pb_row admin_label=\u00a0\u00bbrow\u00a0\u00bb background_position=\u00a0\u00bbtop_left\u00a0\u00bb background_repeat=\u00a0\u00bbrepeat\u00a0\u00bb background_size=\u00a0\u00bbinitial\u00a0\u00bb _builder_version=\u00a0\u00bb3.0.51&Prime; background_position_1=\u00a0\u00bbtop_left\u00a0\u00bb background_repeat_1=\u00a0\u00bbno-repeat\u00a0\u00bb][et_pb_column type=\u00a0\u00bb4_4&Prime;][et_pb_text admin_label=\u00a0\u00bbText\u00a0\u00bb background_layout=\u00a0\u00bblight\u00a0\u00bb text_orientation=\u00a0\u00bbcenter\u00a0\u00bb background_position=\u00a0\u00bbtop_left\u00a0\u00bb background_repeat=\u00a0\u00bbrepeat\u00a0\u00bb background_size=\u00a0\u00bbinitial\u00a0\u00bb _builder_version=\u00a0\u00bb3.0.51&Prime; border_style=\u00a0\u00bbsolid\u00a0\u00bb]<\/p>\n<p><img loading=\"lazy\" decoding=\"async\" class=\"size-medium wp-image-1584 aligncenter\" src=\"http:\/\/astralyss.fr\/wp-content\/uploads\/2014\/11\/cooltext1588060026-300x102.png\" alt=\"logo Astralyss\" width=\"300\" height=\"102\" srcset=\"https:\/\/astralyss.fr\/wp-content\/uploads\/2014\/11\/cooltext1588060026-300x102.png 300w, https:\/\/astralyss.fr\/wp-content\/uploads\/2014\/11\/cooltext1588060026.png 333w\" sizes=\"auto, (max-width: 300px) 100vw, 300px\" \/><\/p>\n<h2 style=\"text-align: center;\"><span style=\"color: #ffffff;\">CONTACT &#8211; FORMULAIRE<\/span><\/h2>\n<p>[\/et_pb_text][\/et_pb_column][\/et_pb_row][\/et_pb_section][et_pb_section bb_built=\u00a0\u00bb1&Prime; admin_label=\u00a0\u00bbsection\u00a0\u00bb parallax_method=\u00a0\u00bboff\u00a0\u00bb padding_mobile=\u00a0\u00bboff\u00a0\u00bb _builder_version=\u00a0\u00bb3.0.51&Prime;][et_pb_row admin_label=\u00a0\u00bbrow\u00a0\u00bb background_position=\u00a0\u00bbtop_left\u00a0\u00bb background_repeat=\u00a0\u00bbrepeat\u00a0\u00bb background_size=\u00a0\u00bbinitial\u00a0\u00bb][et_pb_column type=\u00a0\u00bb4_4&Prime;][et_pb_text admin_label=\u00a0\u00bbText\u00a0\u00bb background_layout=\u00a0\u00bblight\u00a0\u00bb text_orientation=\u00a0\u00bbcenter\u00a0\u00bb background_position=\u00a0\u00bbtop_left\u00a0\u00bb background_repeat=\u00a0\u00bbrepeat\u00a0\u00bb background_size=\u00a0\u00bbinitial\u00a0\u00bb _builder_version=\u00a0\u00bb3.0.51&Prime;]<\/p>\n<h2>Envie de me contacter en priv\u00e9 :<\/h2>\n<p>[\/et_pb_text][et_pb_text admin_label=\u00a0\u00bbText\u00a0\u00bb background_layout=\u00a0\u00bblight\u00a0\u00bb text_orientation=\u00a0\u00bbleft\u00a0\u00bb background_position=\u00a0\u00bbtop_left\u00a0\u00bb background_repeat=\u00a0\u00bbrepeat\u00a0\u00bb background_size=\u00a0\u00bbinitial\u00a0\u00bb _builder_version=\u00a0\u00bb3.0.51&Prime; border_style=\u00a0\u00bbsolid\u00a0\u00bb]<\/p>\n<h3><strong><img loading=\"lazy\" decoding=\"async\" class=\"alignright size-medium wp-image-1842\" src=\"http:\/\/astralyss.fr\/wp-content\/uploads\/2016\/12\/flyer-recto-2021-300x300.jpg\" alt=\"flyer astralyss 2021\" width=\"300\" height=\"300\" srcset=\"https:\/\/astralyss.fr\/wp-content\/uploads\/2016\/12\/flyer-recto-2021-300x300.jpg 300w, https:\/\/astralyss.fr\/wp-content\/uploads\/2016\/12\/flyer-recto-2021-150x150.jpg 150w, https:\/\/astralyss.fr\/wp-content\/uploads\/2016\/12\/flyer-recto-2021.jpg 499w\" sizes=\"auto, (max-width: 300px) 100vw, 300px\" \/>Par t\u00e9l\u00e9phone<\/strong> :<\/h3>\n<p>Je vous invite \u00e0 me contacter pour me faire part de vos attentes. Je serai \u00e0 votre \u00e9coute, et disponible pour r\u00e9pondre \u00e0 vos questions.<\/p>\n<p>Une \u00e9tude astrologique ou une s\u00e9ance de magn\u00e9tisme repr\u00e9sentent un moment privil\u00e9gi\u00e9 que vous vous accordez. C&rsquo;est l&rsquo;occasion, quelquefois rare, de vous occuper de vous.<\/p>\n<h3><strong>Par mail<\/strong>\u00a0 :<\/h3>\n<p>Vous pouvez me contacter\u00a0 en utilisant le formulaire ci dessous.<\/p>\n<h3><strong>Important :<\/strong><\/h3>\n<p><em><strong><span style=\"color: #800080;\"> Merci de pr\u00e9ciser votre date, lieu et heure de naissance.<\/span><\/strong><\/em><\/p>\n<p>Merci de prendre note que tout mail \u00e0 but uniquement commercial ou pas s\u00e9rieux ne sera pas trait\u00e9.<\/p>\n<p>[\/et_pb_text][\/et_pb_column][\/et_pb_row][et_pb_row admin_label=\u00a0\u00bbrow\u00a0\u00bb background_position=\u00a0\u00bbtop_left\u00a0\u00bb background_repeat=\u00a0\u00bbrepeat\u00a0\u00bb background_size=\u00a0\u00bbinitial\u00a0\u00bb _builder_version=\u00a0\u00bb3.0.51&Prime;][et_pb_column type=\u00a0\u00bb1_2&Prime;][et_pb_contact_form admin_label=\u00a0\u00bbContact Form\u00a0\u00bb captcha=\u00a0\u00bbon\u00a0\u00bb email=\u00a0\u00bbdaniele@astralyss.fr\u00a0\u00bb title=\u00a0\u00bbCompl\u00e9tez le formulaire :\u00a0\u00bb _builder_version=\u00a0\u00bb3.0.51&Prime; use_redirect=\u00a0\u00bboff\u00a0\u00bb input_border_radius=\u00a0\u00bb0&Prime; border_style=\u00a0\u00bbsolid\u00a0\u00bb custom_button=\u00a0\u00bboff\u00a0\u00bb button_letter_spacing=\u00a0\u00bb0&Prime; button_icon_placement=\u00a0\u00bbright\u00a0\u00bb button_letter_spacing_hover=\u00a0\u00bb0&Prime;] [et_pb_contact_field field_title=\u00a0\u00bbNom\u00a0\u00bb field_type=\u00a0\u00bbinput\u00a0\u00bb field_id=\u00a0\u00bbName\u00a0\u00bb required_mark=\u00a0\u00bbon\u00a0\u00bb fullwidth_field=\u00a0\u00bboff\u00a0\u00bb \/][et_pb_contact_field field_title=\u00a0\u00bbAdresse e-mail\u00a0\u00bb field_type=\u00a0\u00bbemail\u00a0\u00bb field_id=\u00a0\u00bbEmail\u00a0\u00bb required_mark=\u00a0\u00bbon\u00a0\u00bb fullwidth_field=\u00a0\u00bboff\u00a0\u00bb \/][et_pb_contact_field field_title=\u00a0\u00bbMessage\u00a0\u00bb field_type=\u00a0\u00bbtext\u00a0\u00bb field_id=\u00a0\u00bbMessage\u00a0\u00bb required_mark=\u00a0\u00bbon\u00a0\u00bb fullwidth_field=\u00a0\u00bbon\u00a0\u00bb \/] [\/et_pb_contact_form][\/et_pb_column][et_pb_column type=\u00a0\u00bb1_2&Prime;][et_pb_text admin_label=\u00a0\u00bbTexte\u00a0\u00bb _builder_version=\u00a0\u00bb3.0.51&Prime; background_layout=\u00a0\u00bblight\u00a0\u00bb text_orientation=\u00a0\u00bbleft\u00a0\u00bb border_style=\u00a0\u00bbsolid\u00a0\u00bb]<\/p>\n<h2><strong>Situation g\u00e9ographique : Languedoc Roussillon<br \/>\n<\/strong><\/h2>\n<p>Narbonne Aude\u00a0\u00a0<a href=\"https:\/\/www.google.fr\/maps\/place\/10+Rue+Niquet,+11100+Narbonne\/@43.1833506,3.0036101,17z\/data=!4m5!3m4!1s0x12b1ac656511ce6f:0x35b5799384ecaf37!8m2!3d43.1833467!4d3.0057988?hl=fr&amp;authuser=1\" target=\"_blank\" rel=\"noopener\">10 Rue Niquet\u00a0<\/a><a href=\"https:\/\/www.google.fr\/maps\/vt\/data=gB12pMOtdoilH7bmy7ME9Dt0OXL6YFPI9oTz9U0l5vtMgrNTenPOmYj2Ty27YHOgc3b7_lTa4rgpUMW9EfAoHt-x3i5s272ZtvR3cVsB142JkOKuaKdlDDwdbGvYk8YQf_szc8mlcnBb-nYJO4bZI8qU5gjPjafDaB-AHPL4-jJfSli6qzGEYKQRqdA5HozByYklpqxZhCxIoNKGFyKjmRLddqCY1MVA2zSqOYi9fNGDVagkXc1h56QwKSO5c_YQXDpcbBSQ4u7jiS0OJ1bP8RtkdCuiQ8IJUTVEam1TAPXQJfeBGsF0b0Y\" target=\"_blank\" rel=\"noopener\">Narbonne<\/a><\/p>\n<p>[\/et_pb_text][\/et_pb_column][\/et_pb_row][\/et_pb_section]<\/p>\n","protected":false},"excerpt":{"rendered":"<p>[et_pb_section bb_built=\u00a0\u00bb1&Prime; admin_label=\u00a0\u00bbsection\u00a0\u00bb parallax_method=\u00a0\u00bboff\u00a0\u00bb padding_mobile=\u00a0\u00bboff\u00a0\u00bb _builder_version=\u00a0\u00bb3.0.51&Prime; background_video_mp4=\u00a0\u00bbhttp:\/\/astralyss.fr\/wp-content\/uploads\/2014\/11\/eso_observatory-the_enclosure_of_the_next_generation_transit_survey_NGTS_at_paranal_eso_european_southern_observatory_europescienceuniverse.mp4&Prime; background_image=\u00a0\u00bbhttp:\/\/astralyss.fr\/wp-content\/uploads\/2014\/06\/orion-belt.jpg\u00a0\u00bb][et_pb_row admin_label=\u00a0\u00bbrow\u00a0\u00bb background_position=\u00a0\u00bbtop_left\u00a0\u00bb background_repeat=\u00a0\u00bbrepeat\u00a0\u00bb background_size=\u00a0\u00bbinitial\u00a0\u00bb _builder_version=\u00a0\u00bb3.0.51&Prime; background_position_1=\u00a0\u00bbtop_left\u00a0\u00bb background_repeat_1=\u00a0\u00bbno-repeat\u00a0\u00bb][et_pb_column type=\u00a0\u00bb4_4&Prime;][et_pb_text admin_label=\u00a0\u00bbText\u00a0\u00bb background_layout=\u00a0\u00bblight\u00a0\u00bb text_orientation=\u00a0\u00bbcenter\u00a0\u00bb background_position=\u00a0\u00bbtop_left\u00a0\u00bb background_repeat=\u00a0\u00bbrepeat\u00a0\u00bb background_size=\u00a0\u00bbinitial\u00a0\u00bb _builder_version=\u00a0\u00bb3.0.51&Prime; border_style=\u00a0\u00bbsolid\u00a0\u00bb] CONTACT &#8211; FORMULAIRE [\/et_pb_text][\/et_pb_column][\/et_pb_row][\/et_pb_section][et_pb_section bb_built=\u00a0\u00bb1&Prime; admin_label=\u00a0\u00bbsection\u00a0\u00bb parallax_method=\u00a0\u00bboff\u00a0\u00bb padding_mobile=\u00a0\u00bboff\u00a0\u00bb _builder_version=\u00a0\u00bb3.0.51&Prime;][et_pb_row admin_label=\u00a0\u00bbrow\u00a0\u00bb background_position=\u00a0\u00bbtop_left\u00a0\u00bb background_repeat=\u00a0\u00bbrepeat\u00a0\u00bb background_size=\u00a0\u00bbinitial\u00a0\u00bb][et_pb_column type=\u00a0\u00bb4_4&Prime;][et_pb_text admin_label=\u00a0\u00bbText\u00a0\u00bb background_layout=\u00a0\u00bblight\u00a0\u00bb text_orientation=\u00a0\u00bbcenter\u00a0\u00bb background_position=\u00a0\u00bbtop_left\u00a0\u00bb background_repeat=\u00a0\u00bbrepeat\u00a0\u00bb background_size=\u00a0\u00bbinitial\u00a0\u00bb _builder_version=\u00a0\u00bb3.0.51&Prime;] Envie de me contacter en priv\u00e9 : [\/et_pb_text][et_pb_text admin_label=\u00a0\u00bbText\u00a0\u00bb background_layout=\u00a0\u00bblight\u00a0\u00bb [&hellip;]<\/p>\n","protected":false},"author":3,"featured_media":0,"parent":0,"menu_order":0,"comment_status":"closed","ping_status":"closed","template":"","meta":{"site-sidebar-layout":"default","site-content-layout":"","ast-site-content-layout":"default","site-content-style":"default","site-sidebar-style":"default","ast-global-header-display":"","ast-banner-title-visibility":"","ast-main-header-display":"","ast-hfb-above-header-display":"","ast-hfb-below-header-display":"","ast-hfb-mobile-header-display":"","site-post-title":"","ast-breadcrumbs-content":"","ast-featured-img":"","footer-sml-layout":"","theme-transparent-header-meta":"","adv-header-id-meta":"","stick-header-meta":"","header-above-stick-meta":"","header-main-stick-meta":"","header-below-stick-meta":"","astra-migrate-meta-layouts":"default","ast-page-background-enabled":"default","ast-page-background-meta":{"desktop":{"background-color":"var(--ast-global-color-4)","background-image":"","background-repeat":"repeat","background-position":"center center","background-size":"auto","background-attachment":"scroll","background-type":"","background-media":"","overlay-type":"","overlay-color":"","overlay-opacity":"","overlay-gradient":""},"tablet":{"background-color":"","background-image":"","background-repeat":"repeat","background-position":"center center","background-size":"auto","background-attachment":"scroll","background-type":"","background-media":"","overlay-type":"","overlay-color":"","overlay-opacity":"","overlay-gradient":""},"mobile":{"background-color":"","background-image":"","background-repeat":"repeat","background-position":"center center","background-size":"auto","background-attachment":"scroll","background-type":"","background-media":"","overlay-type":"","overlay-color":"","overlay-opacity":"","overlay-gradient":""}},"ast-content-background-meta":{"desktop":{"background-color":"var(--ast-global-color-5)","background-image":"","background-repeat":"repeat","background-position":"center center","background-size":"auto","background-attachment":"scroll","background-type":"","background-media":"","overlay-type":"","overlay-color":"","overlay-opacity":"","overlay-gradient":""},"tablet":{"background-color":"var(--ast-global-color-5)","background-image":"","background-repeat":"repeat","background-position":"center center","background-size":"auto","background-attachment":"scroll","background-type":"","background-media":"","overlay-type":"","overlay-color":"","overlay-opacity":"","overlay-gradient":""},"mobile":{"background-color":"var(--ast-global-color-5)","background-image":"","background-repeat":"repeat","background-position":"center center","background-size":"auto","background-attachment":"scroll","background-type":"","background-media":"","overlay-type":"","overlay-color":"","overlay-opacity":"","overlay-gradient":""}},"footnotes":""},"class_list":["post-23","page","type-page","status-publish","hentry"],"yoast_head":"<!-- This site is optimized with the Yoast SEO plugin v25.3.1 - https:\/\/yoast.com\/wordpress\/plugins\/seo\/ -->\n<title>Contact -<\/title>\n<meta name=\"description\" content=\"contact coordonn\u00e9es - situation g\u00e9ographique et formulaire\" \/>\n<meta name=\"robots\" content=\"index, follow, max-snippet:-1, max-image-preview:large, max-video-preview:-1\" \/>\n<link rel=\"canonical\" href=\"https:\/\/astralyss.fr\/?page_id=23\" \/>\n<meta property=\"og:locale\" content=\"fr_FR\" \/>\n<meta property=\"og:type\" content=\"article\" \/>\n<meta property=\"og:title\" content=\"Contact -\" \/>\n<meta property=\"og:description\" content=\"contact coordonn\u00e9es - situation g\u00e9ographique et formulaire\" \/>\n<meta property=\"og:url\" content=\"https:\/\/astralyss.fr\/?page_id=23\" \/>\n<meta property=\"article:publisher\" content=\"https:\/\/www.facebook.com\/astralyss\/\" \/>\n<meta property=\"article:modified_time\" content=\"2022-05-27T14:52:33+00:00\" \/>\n<meta property=\"og:image\" content=\"http:\/\/astralyss.fr\/wp-content\/uploads\/2014\/11\/cooltext1588060026-300x102.png\" \/>\n<meta name=\"twitter:label1\" content=\"Dur\u00e9e de lecture estim\u00e9e\" \/>\n\t<meta name=\"twitter:data1\" content=\"2 minutes\" \/>\n<script type=\"application\/ld+json\" class=\"yoast-schema-graph\">{\"@context\":\"https:\/\/schema.org\",\"@graph\":[{\"@type\":\"WebPage\",\"@id\":\"https:\/\/astralyss.fr\/?page_id=23\",\"url\":\"https:\/\/astralyss.fr\/?page_id=23\",\"name\":\"Contact -\",\"isPartOf\":{\"@id\":\"https:\/\/astralyss.fr\/#website\"},\"primaryImageOfPage\":{\"@id\":\"https:\/\/astralyss.fr\/?page_id=23#primaryimage\"},\"image\":{\"@id\":\"https:\/\/astralyss.fr\/?page_id=23#primaryimage\"},\"thumbnailUrl\":\"http:\/\/astralyss.fr\/wp-content\/uploads\/2014\/11\/cooltext1588060026-300x102.png\",\"datePublished\":\"2014-06-03T15:42:29+00:00\",\"dateModified\":\"2022-05-27T14:52:33+00:00\",\"description\":\"contact coordonn\u00e9es - situation g\u00e9ographique et formulaire\",\"breadcrumb\":{\"@id\":\"https:\/\/astralyss.fr\/?page_id=23#breadcrumb\"},\"inLanguage\":\"fr-FR\",\"potentialAction\":[{\"@type\":\"ReadAction\",\"target\":[\"https:\/\/astralyss.fr\/?page_id=23\"]}]},{\"@type\":\"ImageObject\",\"inLanguage\":\"fr-FR\",\"@id\":\"https:\/\/astralyss.fr\/?page_id=23#primaryimage\",\"url\":\"https:\/\/astralyss.fr\/wp-content\/uploads\/2014\/11\/cooltext1588060026.png\",\"contentUrl\":\"https:\/\/astralyss.fr\/wp-content\/uploads\/2014\/11\/cooltext1588060026.png\",\"width\":333,\"height\":113,\"caption\":\"logo Astralyss\"},{\"@type\":\"BreadcrumbList\",\"@id\":\"https:\/\/astralyss.fr\/?page_id=23#breadcrumb\",\"itemListElement\":[{\"@type\":\"ListItem\",\"position\":1,\"name\":\"Accueil\",\"item\":\"https:\/\/astralyss.fr\/\"},{\"@type\":\"ListItem\",\"position\":2,\"name\":\"Contact\"}]},{\"@type\":\"WebSite\",\"@id\":\"https:\/\/astralyss.fr\/#website\",\"url\":\"https:\/\/astralyss.fr\/\",\"name\":\"\",\"description\":\"L&#039;astrologie ... Pour Bien \u00catre Soi\",\"potentialAction\":[{\"@type\":\"SearchAction\",\"target\":{\"@type\":\"EntryPoint\",\"urlTemplate\":\"https:\/\/astralyss.fr\/?s={search_term_string}\"},\"query-input\":{\"@type\":\"PropertyValueSpecification\",\"valueRequired\":true,\"valueName\":\"search_term_string\"}}],\"inLanguage\":\"fr-FR\"}]}<\/script>\n<!-- \/ Yoast SEO plugin. -->","yoast_head_json":{"title":"Contact -","description":"contact coordonn\u00e9es - situation g\u00e9ographique et formulaire","robots":{"index":"index","follow":"follow","max-snippet":"max-snippet:-1","max-image-preview":"max-image-preview:large","max-video-preview":"max-video-preview:-1"},"canonical":"https:\/\/astralyss.fr\/?page_id=23","og_locale":"fr_FR","og_type":"article","og_title":"Contact -","og_description":"contact coordonn\u00e9es - situation g\u00e9ographique et formulaire","og_url":"https:\/\/astralyss.fr\/?page_id=23","article_publisher":"https:\/\/www.facebook.com\/astralyss\/","article_modified_time":"2022-05-27T14:52:33+00:00","og_image":[{"url":"http:\/\/astralyss.fr\/wp-content\/uploads\/2014\/11\/cooltext1588060026-300x102.png","type":"","width":"","height":""}],"twitter_misc":{"Dur\u00e9e de lecture estim\u00e9e":"2 minutes"},"schema":{"@context":"https:\/\/schema.org","@graph":[{"@type":"WebPage","@id":"https:\/\/astralyss.fr\/?page_id=23","url":"https:\/\/astralyss.fr\/?page_id=23","name":"Contact -","isPartOf":{"@id":"https:\/\/astralyss.fr\/#website"},"primaryImageOfPage":{"@id":"https:\/\/astralyss.fr\/?page_id=23#primaryimage"},"image":{"@id":"https:\/\/astralyss.fr\/?page_id=23#primaryimage"},"thumbnailUrl":"http:\/\/astralyss.fr\/wp-content\/uploads\/2014\/11\/cooltext1588060026-300x102.png","datePublished":"2014-06-03T15:42:29+00:00","dateModified":"2022-05-27T14:52:33+00:00","description":"contact coordonn\u00e9es - situation g\u00e9ographique et formulaire","breadcrumb":{"@id":"https:\/\/astralyss.fr\/?page_id=23#breadcrumb"},"inLanguage":"fr-FR","potentialAction":[{"@type":"ReadAction","target":["https:\/\/astralyss.fr\/?page_id=23"]}]},{"@type":"ImageObject","inLanguage":"fr-FR","@id":"https:\/\/astralyss.fr\/?page_id=23#primaryimage","url":"https:\/\/astralyss.fr\/wp-content\/uploads\/2014\/11\/cooltext1588060026.png","contentUrl":"https:\/\/astralyss.fr\/wp-content\/uploads\/2014\/11\/cooltext1588060026.png","width":333,"height":113,"caption":"logo Astralyss"},{"@type":"BreadcrumbList","@id":"https:\/\/astralyss.fr\/?page_id=23#breadcrumb","itemListElement":[{"@type":"ListItem","position":1,"name":"Accueil","item":"https:\/\/astralyss.fr\/"},{"@type":"ListItem","position":2,"name":"Contact"}]},{"@type":"WebSite","@id":"https:\/\/astralyss.fr\/#website","url":"https:\/\/astralyss.fr\/","name":"","description":"L&#039;astrologie ... Pour Bien \u00catre Soi","potentialAction":[{"@type":"SearchAction","target":{"@type":"EntryPoint","urlTemplate":"https:\/\/astralyss.fr\/?s={search_term_string}"},"query-input":{"@type":"PropertyValueSpecification","valueRequired":true,"valueName":"search_term_string"}}],"inLanguage":"fr-FR"}]}},"_links":{"self":[{"href":"https:\/\/astralyss.fr\/index.php?rest_route=\/wp\/v2\/pages\/23","targetHints":{"allow":["GET"]}}],"collection":[{"href":"https:\/\/astralyss.fr\/index.php?rest_route=\/wp\/v2\/pages"}],"about":[{"href":"https:\/\/astralyss.fr\/index.php?rest_route=\/wp\/v2\/types\/page"}],"author":[{"embeddable":true,"href":"https:\/\/astralyss.fr\/index.php?rest_route=\/wp\/v2\/users\/3"}],"replies":[{"embeddable":true,"href":"https:\/\/astralyss.fr\/index.php?rest_route=%2Fwp%2Fv2%2Fcomments&post=23"}],"version-history":[{"count":23,"href":"https:\/\/astralyss.fr\/index.php?rest_route=\/wp\/v2\/pages\/23\/revisions"}],"predecessor-version":[{"id":1931,"href":"https:\/\/astralyss.fr\/index.php?rest_route=\/wp\/v2\/pages\/23\/revisions\/1931"}],"wp:attachment":[{"href":"https:\/\/astralyss.fr\/index.php?rest_route=%2Fwp%2Fv2%2Fmedia&parent=23"}],"curies":[{"name":"wp","href":"https:\/\/api.w.org\/{rel}","templated":true}]}}