{"id":25,"date":"2014-06-03T17:43:24","date_gmt":"2014-06-03T15:43:24","guid":{"rendered":"http:\/\/astralyss.fr\/?page_id=25"},"modified":"2022-07-25T17:37:10","modified_gmt":"2022-07-25T15:37:10","slug":"references","status":"publish","type":"page","link":"https:\/\/astralyss.fr\/?page_id=25","title":{"rendered":"Bibliographie"},"content":{"rendered":"<h4><span style=\"color: #993366;\">ASTROLOGIE<\/span><\/h4>\n<p>Les ouvrages conseill\u00e9s pour d\u00e9buter<\/p>\n<p>Indispensable : les \u00e9ph\u00e9m\u00e9rides et tables des maisons<\/p>\n<p>Editions <a title=\"Aur\u00e9as\" href=\"http:\/\/www.aureas.eu\/index1.html\" target=\"_blank\" rel=\"noopener\">Aur\u00e9as<\/a>\u00a0\u00a0\u00a0<em>\u00a0 <\/em><\/p>\n<ul>\n<li><em>\u00ab\u00a0<strong> <span style=\"font-family: Trebuchet MS,Arial,Helvetica,Sans-serif; color: #000000;\"><span style=\"font-size: small;\">LES NOUVELLES EPHEMERIDES INTERNATIONALES\u00a0\u00a01900-2050&Prime;<\/span><\/span><\/strong><\/em><\/li>\n<li><em><span style=\"color: #000000;\">\u00ab\u00a0<span style=\"font-family: Trebuchet MS,Arial,Helvetica,Sans-serif;\">Tables des Maisons\u00a0\u00bb<\/span><\/span><\/em><\/li>\n<\/ul>\n<h5>Astrologie traditionnelle :<\/h5>\n<p>Catherine Aubier\u00a0 :<\/p>\n<ul>\n<li><em>\u00ab\u00a0Devenir Astrologue en 20 le\u00e7ons\u00a0\u00bb<\/em><em><a href=\"http:\/\/astralyss.fr\/wp-content\/uploads\/2014\/06\/Aubier-Catherine-Abc-De-L-astrologie-Previsionnelle-Livre-895551253_ML.jpg\"><img loading=\"lazy\" decoding=\"async\" class=\"  wp-image-892 alignright\" src=\"http:\/\/astralyss.fr\/wp-content\/uploads\/2014\/06\/Aubier-Catherine-Abc-De-L-astrologie-Previsionnelle-Livre-895551253_ML.jpg\" alt=\"Aubier-Catherine-Abc-De-L-astrologie-Previsionnelle\" width=\"175\" height=\"175\" srcset=\"https:\/\/astralyss.fr\/wp-content\/uploads\/2014\/06\/Aubier-Catherine-Abc-De-L-astrologie-Previsionnelle-Livre-895551253_ML.jpg 270w, https:\/\/astralyss.fr\/wp-content\/uploads\/2014\/06\/Aubier-Catherine-Abc-De-L-astrologie-Previsionnelle-Livre-895551253_ML-150x150.jpg 150w\" sizes=\"auto, (max-width: 175px) 100vw, 175px\" \/><\/a><\/em><em><a href=\"http:\/\/astralyss.fr\/wp-content\/uploads\/2014\/06\/dico-astro-CA1.jpg\"><img loading=\"lazy\" decoding=\"async\" class=\"  wp-image-891 alignright\" src=\"http:\/\/astralyss.fr\/wp-content\/uploads\/2014\/06\/dico-astro-CA1.jpg\" alt=\"dictionnaire  astro CA\" width=\"161\" height=\"171\" \/><\/a><\/em><\/li>\n<li><em>\u00ab\u00a0Dictionnaire pratique d&rsquo;astrologie\u00a0\u00bb<\/em><\/li>\n<li><em>\u00a0\u00ab\u00a0ABC de l&rsquo;astrologie pr\u00e9visionnelle\u00a0\u00bb<\/em><\/li>\n<\/ul>\n<p>Andr\u00e9 Barbault :<\/p>\n<ul>\n<li><em>\u00ab\u00a0Trait\u00e9 pratique d&rsquo;astrologie\u00a0\u00bb<\/em><\/li>\n<li><em> \u00ab\u00a0La pr\u00e9vision astrologique\u00a0\u00bb<\/em><\/li>\n<li><em>\u00ab\u00a0De la psychanalyse \u00e0 l&rsquo;astrologie\u00a0\u00bb<\/em><\/li>\n<\/ul>\n<p>Dane Rudyar :<\/p>\n<ul>\n<li><em>\u00ab\u00a0la pratique de l&rsquo;astrologie\u00a0\u00bb<\/em><\/li>\n<li><em>\u00a0 \u00a0\u00bb le cycle de la lunaison \u00ab\u00a0<\/em><em><a href=\"http:\/\/astralyss.fr\/wp-content\/uploads\/2014\/06\/Volguine-Techniques-Des-Revolutions-Solaires-Livre-66534_ML1.jpg\"><img loading=\"lazy\" decoding=\"async\" class=\"  wp-image-893 alignright\" src=\"http:\/\/astralyss.fr\/wp-content\/uploads\/2014\/06\/Volguine-Techniques-Des-Revolutions-Solaires-Livre-66534_ML1.jpg\" alt=\"Volguine-Techniques-Des-Revolutions-Solaires\" width=\"175\" height=\"175\" srcset=\"https:\/\/astralyss.fr\/wp-content\/uploads\/2014\/06\/Volguine-Techniques-Des-Revolutions-Solaires-Livre-66534_ML1.jpg 270w, https:\/\/astralyss.fr\/wp-content\/uploads\/2014\/06\/Volguine-Techniques-Des-Revolutions-Solaires-Livre-66534_ML1-150x150.jpg 150w\" sizes=\"auto, (max-width: 175px) 100vw, 175px\" \/><\/a><\/em><\/li>\n<\/ul>\n<p>site du <a title=\"CEDRA\" href=\"http:\/\/www.cedra.net\/index.html\" target=\"_blank\" rel=\"noopener\">CEDRA<\/a><\/p>\n<p>A. Volguine :<\/p>\n<ul>\n<li><em> \u00ab\u00a0Techniques des r\u00e9volutions solaires\u00a0\u00bb<\/em><\/li>\n<\/ul>\n<p><a href=\"http:\/\/astralyss.fr\/wp-content\/uploads\/2014\/06\/livre-unique-astrologie-ptol\u00e9m\u00e9e.jpg\"><img loading=\"lazy\" decoding=\"async\" class=\"  wp-image-895 alignright\" src=\"http:\/\/astralyss.fr\/wp-content\/uploads\/2014\/06\/livre-unique-astrologie-ptol\u00e9m\u00e9e.jpg\" alt=\"ivre unique astrologie ptol\u00e9m\u00e9e\" width=\"153\" height=\"153\" srcset=\"https:\/\/astralyss.fr\/wp-content\/uploads\/2014\/06\/livre-unique-astrologie-ptol\u00e9m\u00e9e.jpg 270w, https:\/\/astralyss.fr\/wp-content\/uploads\/2014\/06\/livre-unique-astrologie-ptol\u00e9m\u00e9e-150x150.jpg 150w\" sizes=\"auto, (max-width: 153px) 100vw, 153px\" \/><\/a><\/p>\n<p>Ptol\u00e9m\u00e9e :<\/p>\n<ul>\n<li style=\"text-align: left;\"><em>\u00ab\u00a0Le Livre Unique de l&rsquo;Astrologie\u00a0\u00bb\u00a0 &#8211; <\/em>Traduction et Commentaires de Pascal Charvet<\/li>\n<\/ul>\n<p>Denis Labour\u00e9 :<\/p>\n<p><img loading=\"lazy\" decoding=\"async\" class=\"  wp-image-2070 size-medium\" src=\"https:\/\/astralyss.fr\/wp-content\/uploads\/2022\/07\/cours-pratique-188x300.jpg\" alt=\"cours pratique d'astrologie\" width=\"188\" height=\"300\" srcset=\"https:\/\/astralyss.fr\/wp-content\/uploads\/2022\/07\/cours-pratique-188x300.jpg 188w, https:\/\/astralyss.fr\/wp-content\/uploads\/2022\/07\/cours-pratique.jpg 313w\" sizes=\"auto, (max-width: 188px) 100vw, 188px\" \/><\/p>\n<h4><em><a href=\"http:\/\/astralyss.fr\/wp-content\/uploads\/2014\/06\/laboure2.jpg\"><img loading=\"lazy\" decoding=\"async\" class=\"  wp-image-896 alignright\" src=\"http:\/\/astralyss.fr\/wp-content\/uploads\/2014\/06\/laboure2.jpg\" alt=\"predire Laboure\" width=\"147\" height=\"209\" \/><\/a><\/em><\/h4>\n<ul>\n<li><em>\u00ab\u00a0Manuel d&rsquo;astrologie divinatoire\u00a0\u00bb<\/em><\/li>\n<li><em> \u00ab\u00a0Pr\u00e9dire par l&rsquo;astrologie horaire\u00a0\u00bb<\/em><\/li>\n<li><em>\u00ab\u00a0Cours pratique d&rsquo;Astrologie\u00a0\u00bb &#8211; \u00ab\u00a0Secrets de l&rsquo;Astrologie des Anciens\u00a0\u00bb<\/em><\/li>\n<\/ul>\n<p>Ces auteurs sont des r\u00e9f\u00e9rences en astrologie mais \u00e9galement\u00a0 :<\/p>\n<p>Stephen Arroyo, Liz Greene, Martine Barbault.<\/p>\n<h4><span style=\"color: #993366;\">Psychologie<\/span> : Karl Gustav Jung<a href=\"http:\/\/astralyss.fr\/wp-content\/uploads\/2014\/06\/voie-du-tarot.jpg\"><img loading=\"lazy\" decoding=\"async\" class=\"  wp-image-1069 alignright\" src=\"http:\/\/astralyss.fr\/wp-content\/uploads\/2014\/06\/voie-du-tarot.jpg\" alt=\"voie du tarot\" width=\"141\" height=\"227\" \/><\/a><\/h4>\n<h4><span style=\"color: #993366;\">TAROLOGIE\u00a0<\/span><\/h4>\n<p>Alexandro Jodorowsky<\/p>\n<ul>\n<li><em>\u00ab\u00a0La Voie du Tarot\u00a0\u00bb\u00a0 (tarot de Marseille)<\/em><\/li>\n<\/ul>\n<p>Murielle Robert<\/p>\n<p><em>\u00ab\u00a0Le Tarot de l&rsquo;Ame\u00a0\u00bb<\/em><\/p>\n<h4><span style=\"color: #993366;\">ANG\u00c9IOLOGIE<\/span><\/h4>\n<h4><em><a href=\"http:\/\/astralyss.fr\/wp-content\/uploads\/2014\/06\/51Wq0T9wB2L._SX355_BO1204203200_.jpg\"><img loading=\"lazy\" decoding=\"async\" class=\"  wp-image-1065 alignright\" src=\"http:\/\/astralyss.fr\/wp-content\/uploads\/2014\/06\/51Wq0T9wB2L._SX355_BO1204203200_-215x300.jpg\" alt=\"Les royaumes des anges terrestres\" width=\"145\" height=\"202\" srcset=\"https:\/\/astralyss.fr\/wp-content\/uploads\/2014\/06\/51Wq0T9wB2L._SX355_BO1204203200_-215x300.jpg 215w, https:\/\/astralyss.fr\/wp-content\/uploads\/2014\/06\/51Wq0T9wB2L._SX355_BO1204203200_.jpg 357w\" sizes=\"auto, (max-width: 145px) 100vw, 145px\" \/><\/a><\/em> Doreen Virtue<\/h4>\n<ul>\n<li>\u00a0\u00a0 <em>\u00ab\u00a0Les Anges terrestres\u00a0\u00bb<\/em><\/li>\n<li>\u00a0<em>\u00ab\u00a0Anges 101\u00a0\u00bb<\/em><\/li>\n<li>\u00a0<em>\u00ab\u00a0Les nombres des Anges\u00a0\u00bb<\/em><br \/>\n<h4 style=\"text-align: left;\"><\/h4>\n<h4><\/h4>\n<h4 style=\"text-align: left;\"><a href=\"http:\/\/astralyss.fr\/wp-content\/uploads\/2014\/06\/NOMBRES-DES-ANGES-Copie.jpg\"><img loading=\"lazy\" decoding=\"async\" class=\"  wp-image-1067 alignright\" src=\"http:\/\/astralyss.fr\/wp-content\/uploads\/2014\/06\/NOMBRES-DES-ANGES-Copie-201x300.jpg\" alt=\"NOMBRES DES ANGES\" width=\"153\" height=\"229\" srcset=\"https:\/\/astralyss.fr\/wp-content\/uploads\/2014\/06\/NOMBRES-DES-ANGES-Copie-201x300.jpg 201w, https:\/\/astralyss.fr\/wp-content\/uploads\/2014\/06\/NOMBRES-DES-ANGES-Copie.jpg 235w\" sizes=\"auto, (max-width: 153px) 100vw, 153px\" \/><\/a><\/h4>\n<h4 style=\"text-align: left;\"><a href=\"http:\/\/astralyss.fr\/wp-content\/uploads\/2014\/06\/ANGES-101-Copie.jpg\"><img loading=\"lazy\" decoding=\"async\" class=\"  wp-image-1066 alignright\" src=\"http:\/\/astralyss.fr\/wp-content\/uploads\/2014\/06\/ANGES-101-Copie-208x300.jpg\" alt=\"ANGES 101\" width=\"158\" height=\"228\" srcset=\"https:\/\/astralyss.fr\/wp-content\/uploads\/2014\/06\/ANGES-101-Copie-208x300.jpg 208w, https:\/\/astralyss.fr\/wp-content\/uploads\/2014\/06\/ANGES-101-Copie.jpg 242w\" sizes=\"auto, (max-width: 158px) 100vw, 158px\" \/><\/a><\/h4>\n<\/li>\n<\/ul>\n<h4 style=\"text-align: left;\"><span style=\"color: #993366;\">SYMBOLISME<\/span><\/h4>\n<h4>\u00a0Jean Chevalier &#8211; Alain Gherbrandt<\/h4>\n<h4><\/h4>\n<ul>\n<li><em>\u00ab\u00a0Dictionnaire des symboles\u00a0\u00bb<\/em><\/li>\n<\/ul>\n<p><a href=\"http:\/\/astralyss.fr\/wp-content\/uploads\/2014\/06\/dict-symboles.jpg\"><img loading=\"lazy\" decoding=\"async\" class=\"wp-image-1068 alignright\" src=\"http:\/\/astralyss.fr\/wp-content\/uploads\/2014\/06\/dict-symboles-198x300.jpg\" alt=\"Dict symboles\" width=\"172\" height=\"261\" srcset=\"https:\/\/astralyss.fr\/wp-content\/uploads\/2014\/06\/dict-symboles-198x300.jpg 198w, https:\/\/astralyss.fr\/wp-content\/uploads\/2014\/06\/dict-symboles.jpg 502w\" sizes=\"auto, (max-width: 172px) 100vw, 172px\" \/><\/a><\/p>\n","protected":false},"excerpt":{"rendered":"<p>ASTROLOGIE Les ouvrages conseill\u00e9s pour d\u00e9buter Indispensable : les \u00e9ph\u00e9m\u00e9rides et tables des maisons Editions Aur\u00e9as\u00a0\u00a0\u00a0\u00a0 \u00ab\u00a0 LES NOUVELLES EPHEMERIDES INTERNATIONALES\u00a0\u00a01900-2050&Prime; \u00ab\u00a0Tables des Maisons\u00a0\u00bb Astrologie traditionnelle : Catherine Aubier\u00a0 : \u00ab\u00a0Devenir Astrologue en 20 le\u00e7ons\u00a0\u00bb \u00ab\u00a0Dictionnaire pratique d&rsquo;astrologie\u00a0\u00bb \u00a0\u00ab\u00a0ABC de l&rsquo;astrologie pr\u00e9visionnelle\u00a0\u00bb Andr\u00e9 Barbault : \u00ab\u00a0Trait\u00e9 pratique d&rsquo;astrologie\u00a0\u00bb \u00ab\u00a0La pr\u00e9vision astrologique\u00a0\u00bb \u00ab\u00a0De la psychanalyse \u00e0 [&hellip;]<\/p>\n","protected":false},"author":3,"featured_media":0,"parent":0,"menu_order":0,"comment_status":"closed","ping_status":"closed","template":"","meta":{"site-sidebar-layout":"default","site-content-layout":"","ast-site-content-layout":"default","site-content-style":"default","site-sidebar-style":"default","ast-global-header-display":"","ast-banner-title-visibility":"","ast-main-header-display":"","ast-hfb-above-header-display":"","ast-hfb-below-header-display":"","ast-hfb-mobile-header-display":"","site-post-title":"","ast-breadcrumbs-content":"","ast-featured-img":"","footer-sml-layout":"","theme-transparent-header-meta":"","adv-header-id-meta":"","stick-header-meta":"","header-above-stick-meta":"","header-main-stick-meta":"","header-below-stick-meta":"","astra-migrate-meta-layouts":"default","ast-page-background-enabled":"default","ast-page-background-meta":{"desktop":{"background-color":"var(--ast-global-color-4)","background-image":"","background-repeat":"repeat","background-position":"center center","background-size":"auto","background-attachment":"scroll","background-type":"","background-media":"","overlay-type":"","overlay-color":"","overlay-opacity":"","overlay-gradient":""},"tablet":{"background-color":"","background-image":"","background-repeat":"repeat","background-position":"center center","background-size":"auto","background-attachment":"scroll","background-type":"","background-media":"","overlay-type":"","overlay-color":"","overlay-opacity":"","overlay-gradient":""},"mobile":{"background-color":"","background-image":"","background-repeat":"repeat","background-position":"center center","background-size":"auto","background-attachment":"scroll","background-type":"","background-media":"","overlay-type":"","overlay-color":"","overlay-opacity":"","overlay-gradient":""}},"ast-content-background-meta":{"desktop":{"background-color":"var(--ast-global-color-5)","background-image":"","background-repeat":"repeat","background-position":"center center","background-size":"auto","background-attachment":"scroll","background-type":"","background-media":"","overlay-type":"","overlay-color":"","overlay-opacity":"","overlay-gradient":""},"tablet":{"background-color":"var(--ast-global-color-5)","background-image":"","background-repeat":"repeat","background-position":"center center","background-size":"auto","background-attachment":"scroll","background-type":"","background-media":"","overlay-type":"","overlay-color":"","overlay-opacity":"","overlay-gradient":""},"mobile":{"background-color":"var(--ast-global-color-5)","background-image":"","background-repeat":"repeat","background-position":"center center","background-size":"auto","background-attachment":"scroll","background-type":"","background-media":"","overlay-type":"","overlay-color":"","overlay-opacity":"","overlay-gradient":""}},"footnotes":""},"class_list":["post-25","page","type-page","status-publish","hentry"],"yoast_head":"<!-- This site is optimized with the Yoast SEO plugin v25.3.1 - https:\/\/yoast.com\/wordpress\/plugins\/seo\/ -->\n<title>Bibliographie -<\/title>\n<meta name=\"description\" content=\"les ouvrages conseill\u00e9s pour la pratique de l&#039;astrologie\" \/>\n<meta name=\"robots\" content=\"index, follow, max-snippet:-1, max-image-preview:large, max-video-preview:-1\" \/>\n<link rel=\"canonical\" href=\"https:\/\/astralyss.fr\/?page_id=25\" \/>\n<meta property=\"og:locale\" content=\"fr_FR\" \/>\n<meta property=\"og:type\" content=\"article\" \/>\n<meta property=\"og:title\" content=\"Bibliographie -\" \/>\n<meta property=\"og:description\" content=\"les ouvrages conseill\u00e9s pour la pratique de l&#039;astrologie\" \/>\n<meta property=\"og:url\" content=\"https:\/\/astralyss.fr\/?page_id=25\" \/>\n<meta property=\"article:publisher\" content=\"https:\/\/www.facebook.com\/astralyss\/\" \/>\n<meta property=\"article:modified_time\" content=\"2022-07-25T15:37:10+00:00\" \/>\n<meta property=\"og:image\" content=\"http:\/\/astralyss.fr\/wp-content\/uploads\/2014\/06\/Aubier-Catherine-Abc-De-L-astrologie-Previsionnelle-Livre-895551253_ML.jpg\" \/>\n<meta name=\"twitter:label1\" content=\"Dur\u00e9e de lecture estim\u00e9e\" \/>\n\t<meta name=\"twitter:data1\" content=\"3 minutes\" \/>\n<script type=\"application\/ld+json\" class=\"yoast-schema-graph\">{\"@context\":\"https:\/\/schema.org\",\"@graph\":[{\"@type\":\"WebPage\",\"@id\":\"https:\/\/astralyss.fr\/?page_id=25\",\"url\":\"https:\/\/astralyss.fr\/?page_id=25\",\"name\":\"Bibliographie -\",\"isPartOf\":{\"@id\":\"https:\/\/astralyss.fr\/#website\"},\"primaryImageOfPage\":{\"@id\":\"https:\/\/astralyss.fr\/?page_id=25#primaryimage\"},\"image\":{\"@id\":\"https:\/\/astralyss.fr\/?page_id=25#primaryimage\"},\"thumbnailUrl\":\"http:\/\/astralyss.fr\/wp-content\/uploads\/2014\/06\/Aubier-Catherine-Abc-De-L-astrologie-Previsionnelle-Livre-895551253_ML.jpg\",\"datePublished\":\"2014-06-03T15:43:24+00:00\",\"dateModified\":\"2022-07-25T15:37:10+00:00\",\"description\":\"les ouvrages conseill\u00e9s pour la pratique de l'astrologie\",\"breadcrumb\":{\"@id\":\"https:\/\/astralyss.fr\/?page_id=25#breadcrumb\"},\"inLanguage\":\"fr-FR\",\"potentialAction\":[{\"@type\":\"ReadAction\",\"target\":[\"https:\/\/astralyss.fr\/?page_id=25\"]}]},{\"@type\":\"ImageObject\",\"inLanguage\":\"fr-FR\",\"@id\":\"https:\/\/astralyss.fr\/?page_id=25#primaryimage\",\"url\":\"https:\/\/astralyss.fr\/wp-content\/uploads\/2014\/06\/Aubier-Catherine-Abc-De-L-astrologie-Previsionnelle-Livre-895551253_ML.jpg\",\"contentUrl\":\"https:\/\/astralyss.fr\/wp-content\/uploads\/2014\/06\/Aubier-Catherine-Abc-De-L-astrologie-Previsionnelle-Livre-895551253_ML.jpg\",\"width\":270,\"height\":270,\"caption\":\"Aubier-Catherine-Abc-De-L-astrologie-Previsionnelle\"},{\"@type\":\"BreadcrumbList\",\"@id\":\"https:\/\/astralyss.fr\/?page_id=25#breadcrumb\",\"itemListElement\":[{\"@type\":\"ListItem\",\"position\":1,\"name\":\"Accueil\",\"item\":\"https:\/\/astralyss.fr\/\"},{\"@type\":\"ListItem\",\"position\":2,\"name\":\"Bibliographie\"}]},{\"@type\":\"WebSite\",\"@id\":\"https:\/\/astralyss.fr\/#website\",\"url\":\"https:\/\/astralyss.fr\/\",\"name\":\"\",\"description\":\"L&#039;astrologie ... Pour Bien \u00catre Soi\",\"potentialAction\":[{\"@type\":\"SearchAction\",\"target\":{\"@type\":\"EntryPoint\",\"urlTemplate\":\"https:\/\/astralyss.fr\/?s={search_term_string}\"},\"query-input\":{\"@type\":\"PropertyValueSpecification\",\"valueRequired\":true,\"valueName\":\"search_term_string\"}}],\"inLanguage\":\"fr-FR\"}]}<\/script>\n<!-- \/ Yoast SEO plugin. -->","yoast_head_json":{"title":"Bibliographie -","description":"les ouvrages conseill\u00e9s pour la pratique de l'astrologie","robots":{"index":"index","follow":"follow","max-snippet":"max-snippet:-1","max-image-preview":"max-image-preview:large","max-video-preview":"max-video-preview:-1"},"canonical":"https:\/\/astralyss.fr\/?page_id=25","og_locale":"fr_FR","og_type":"article","og_title":"Bibliographie -","og_description":"les ouvrages conseill\u00e9s pour la pratique de l'astrologie","og_url":"https:\/\/astralyss.fr\/?page_id=25","article_publisher":"https:\/\/www.facebook.com\/astralyss\/","article_modified_time":"2022-07-25T15:37:10+00:00","og_image":[{"url":"http:\/\/astralyss.fr\/wp-content\/uploads\/2014\/06\/Aubier-Catherine-Abc-De-L-astrologie-Previsionnelle-Livre-895551253_ML.jpg","type":"","width":"","height":""}],"twitter_misc":{"Dur\u00e9e de lecture estim\u00e9e":"3 minutes"},"schema":{"@context":"https:\/\/schema.org","@graph":[{"@type":"WebPage","@id":"https:\/\/astralyss.fr\/?page_id=25","url":"https:\/\/astralyss.fr\/?page_id=25","name":"Bibliographie -","isPartOf":{"@id":"https:\/\/astralyss.fr\/#website"},"primaryImageOfPage":{"@id":"https:\/\/astralyss.fr\/?page_id=25#primaryimage"},"image":{"@id":"https:\/\/astralyss.fr\/?page_id=25#primaryimage"},"thumbnailUrl":"http:\/\/astralyss.fr\/wp-content\/uploads\/2014\/06\/Aubier-Catherine-Abc-De-L-astrologie-Previsionnelle-Livre-895551253_ML.jpg","datePublished":"2014-06-03T15:43:24+00:00","dateModified":"2022-07-25T15:37:10+00:00","description":"les ouvrages conseill\u00e9s pour la pratique de l'astrologie","breadcrumb":{"@id":"https:\/\/astralyss.fr\/?page_id=25#breadcrumb"},"inLanguage":"fr-FR","potentialAction":[{"@type":"ReadAction","target":["https:\/\/astralyss.fr\/?page_id=25"]}]},{"@type":"ImageObject","inLanguage":"fr-FR","@id":"https:\/\/astralyss.fr\/?page_id=25#primaryimage","url":"https:\/\/astralyss.fr\/wp-content\/uploads\/2014\/06\/Aubier-Catherine-Abc-De-L-astrologie-Previsionnelle-Livre-895551253_ML.jpg","contentUrl":"https:\/\/astralyss.fr\/wp-content\/uploads\/2014\/06\/Aubier-Catherine-Abc-De-L-astrologie-Previsionnelle-Livre-895551253_ML.jpg","width":270,"height":270,"caption":"Aubier-Catherine-Abc-De-L-astrologie-Previsionnelle"},{"@type":"BreadcrumbList","@id":"https:\/\/astralyss.fr\/?page_id=25#breadcrumb","itemListElement":[{"@type":"ListItem","position":1,"name":"Accueil","item":"https:\/\/astralyss.fr\/"},{"@type":"ListItem","position":2,"name":"Bibliographie"}]},{"@type":"WebSite","@id":"https:\/\/astralyss.fr\/#website","url":"https:\/\/astralyss.fr\/","name":"","description":"L&#039;astrologie ... Pour Bien \u00catre Soi","potentialAction":[{"@type":"SearchAction","target":{"@type":"EntryPoint","urlTemplate":"https:\/\/astralyss.fr\/?s={search_term_string}"},"query-input":{"@type":"PropertyValueSpecification","valueRequired":true,"valueName":"search_term_string"}}],"inLanguage":"fr-FR"}]}},"_links":{"self":[{"href":"https:\/\/astralyss.fr\/index.php?rest_route=\/wp\/v2\/pages\/25","targetHints":{"allow":["GET"]}}],"collection":[{"href":"https:\/\/astralyss.fr\/index.php?rest_route=\/wp\/v2\/pages"}],"about":[{"href":"https:\/\/astralyss.fr\/index.php?rest_route=\/wp\/v2\/types\/page"}],"author":[{"embeddable":true,"href":"https:\/\/astralyss.fr\/index.php?rest_route=\/wp\/v2\/users\/3"}],"replies":[{"embeddable":true,"href":"https:\/\/astralyss.fr\/index.php?rest_route=%2Fwp%2Fv2%2Fcomments&post=25"}],"version-history":[{"count":9,"href":"https:\/\/astralyss.fr\/index.php?rest_route=\/wp\/v2\/pages\/25\/revisions"}],"predecessor-version":[{"id":2074,"href":"https:\/\/astralyss.fr\/index.php?rest_route=\/wp\/v2\/pages\/25\/revisions\/2074"}],"wp:attachment":[{"href":"https:\/\/astralyss.fr\/index.php?rest_route=%2Fwp%2Fv2%2Fmedia&parent=25"}],"curies":[{"name":"wp","href":"https:\/\/api.w.org\/{rel}","templated":true}]}}