{"id":27,"date":"2014-06-03T17:44:17","date_gmt":"2014-06-03T15:44:17","guid":{"rendered":"http:\/\/astralyss.fr\/?page_id=27"},"modified":"2022-07-25T17:23:14","modified_gmt":"2022-07-25T15:23:14","slug":"astrologie","status":"publish","type":"page","link":"https:\/\/astralyss.fr\/?page_id=27","title":{"rendered":"Astrologie"},"content":{"rendered":"<h2 style=\"text-align: center;\"><span style=\"color: #993366;\"><strong>L&rsquo;Astrologie, qu&rsquo;est ce que c&rsquo;est ?\u00a0 \u00a0<\/strong><em>en quelques lignes<\/em><\/span><\/h2>\n<h2><\/h2>\n<h2 style=\"text-align: left;\"><span style=\"color: #993366;\">Du macrocosme au microcosme\u2026<\/span><\/h2>\n<p>Ainsi que cit\u00e9 en pr\u00e9ambule, malgr\u00e9 l&rsquo;anciennet\u00e9 de ses origines, l&rsquo;astrologie n&rsquo;a pas pris une ride. Bien au contraire, c&rsquo;est une science en constante \u00e9volution.<\/p>\n<p>Science humaine ? Science occulte ? G\u00e9om\u00e9trie sacr\u00e9e ? L\u2019Astrologie r\u00e9unit de multiples comp\u00e9tences et elle est si\u00a0 difficile \u00e0 d\u00e9finir que chacun peut y trouver ce qu\u2019il a envie d\u2019y voir.<\/p>\n<figure id=\"attachment_217\" aria-describedby=\"caption-attachment-217\" style=\"width: 300px\" class=\"wp-caption alignright\"><img loading=\"lazy\" decoding=\"async\" class=\"size-medium wp-image-217\" src=\"http:\/\/astralyss.fr\/wp-content\/uploads\/2014\/06\/table-demeraude-300x205.jpg\" alt=\"la table d'\u00e9meraude\" width=\"300\" height=\"205\" srcset=\"https:\/\/astralyss.fr\/wp-content\/uploads\/2014\/06\/table-demeraude-300x205.jpg 300w, https:\/\/astralyss.fr\/wp-content\/uploads\/2014\/06\/table-demeraude.jpg 956w\" sizes=\"auto, (max-width: 300px) 100vw, 300px\" \/><figcaption id=\"caption-attachment-217\" class=\"wp-caption-text\">La table d&#8217;emeraude<\/figcaption><\/figure>\n<p>Elle a \u00e9t\u00e9 l\u2019un des premiers sujets d\u2019exploration de l\u2019homme, 5000 ans av\u00a0 J.C. En ces temps recul\u00e9s, les hommes ont toujours regard\u00e9 vers le ciel pour comprendre&#8230; les myst\u00e8res de ce qui pouvait leur tomber sur la t\u00eate. Et \u00e0 cet titre, elle a toujours \u00e9t\u00e9 un symbole d&rsquo;\u00e9l\u00e9vation humaine, \u00e9l\u00e9vation vers le cosmos, vers le divin. Elle rel\u00e8ve donc\u00a0 en m\u00eame temps du symbolisme, des math\u00e9matiques, de la cosmographie ou \u00e9tude du ciel, de la mythologie, de la psychologie des profondeurs, de la p\u00e9dagogie, et bien s\u00fbr ob\u00e9it \u00e0 une d\u00e9ontologie. Son principe fondamental est la <strong><u>loi d\u2019analogie<\/u><\/strong>.<\/p>\n<p>Ce principe est attribu\u00e9 \u00e0 Herm\u00e8s Trism\u00e9giste qui l\u2019a d\u00e9fini\u00a0 selon la\u00a0 c\u00e9l\u00e8bre formule de\u00a0 la <a href=\"https:\/\/web.archive.org\/web\/20170520200438\/http:\/astralyss.fr\/table-demeraude\/\"><strong>Table d\u2019Emeraude<\/strong><\/a> :<\/p>\n<h4><span style=\"color: #993366;\"><strong>Ce qui est en haut est comme ce qui est en bas, ce qui est en bas est comme ce qui est haut, pour accomplir le miracle de l\u2019unit\u00e9.<\/strong><\/span><\/h4>\n<p>La signification \u00e9tymologique du mot : astrologie provient du grec. Il est compos\u00e9 de 2 racines grecques : \u03b1\u03c3\u03c4\u03b7\u03c1 (astre -\u00e9toile) et \u03bb\u00f2\u03b3\u03bf\u03c2 (parole-langage), ce qui signifie litt\u00e9ralement : le langage des astres.<\/p>\n<h2 style=\"text-align: left;\"><span style=\"color: #993366;\">L&rsquo;horoscope d\u00e9mystifi\u00e9\u2026<\/span><\/h2>\n<p><img loading=\"lazy\" decoding=\"async\" class=\"wp-image-1331 alignleft\" src=\"http:\/\/astralyss.fr\/wp-content\/uploads\/2014\/11\/coloriage-astrologie-g-15-300x300.jpg\" alt=\"roue zodiacale\" width=\"207\" height=\"207\" srcset=\"https:\/\/astralyss.fr\/wp-content\/uploads\/2014\/11\/coloriage-astrologie-g-15-300x300.jpg 300w, https:\/\/astralyss.fr\/wp-content\/uploads\/2014\/11\/coloriage-astrologie-g-15-150x150.jpg 150w, https:\/\/astralyss.fr\/wp-content\/uploads\/2014\/11\/coloriage-astrologie-g-15.jpg 739w\" sizes=\"auto, (max-width: 207px) 100vw, 207px\" \/>Pour revenir \u00e0 l\u2019astrologie telle que le bon sens populaire l\u2019assimile\u00a0 ; c&rsquo;est \u00e0 travers\u00a0<a title=\"Horoscope du jour\" href=\"https:\/\/web.archive.org\/web\/20170520200438\/http:\/astralyss.fr\/lhoroscope-du-jour\/\" target=\"_blank\" rel=\"noopener\">l\u2019horoscope<\/a>,\u00a0 rubrique journali\u00e8re dans les m\u00e9dias que tout un chacun\u00a0d\u00e9couvre cette science. Cette vision simplifi\u00e9e de l\u2019astrologie a un avantage : celui de la populariser \u00e0 travers les signes du zodiaque. On dit commun\u00e9ment \u00ab\u00a0je suis b\u00e9lier\u00a0\u00bb,\u00a0\u00bb je suis sagittaire\u00a0\u00bb\u2026 Ceci signifie tout simplement qu\u2019\u00e0 votre naissance le soleil transitait dans le signe du b\u00e9lier, du sagittaire, etc\u2026<\/p>\n<p><img loading=\"lazy\" decoding=\"async\" class=\"wp-image-387 alignright\" src=\"http:\/\/astralyss.fr\/wp-content\/uploads\/2014\/12\/zodiaque-300x141.gif\" alt=\"zodiaque\" width=\"313\" height=\"146\" \/><\/p>\n<p>Mais cette vision simpliste voudrait dire qu\u2019un douzi\u00e8me de la population de la plan\u00e8te devrait vivre la m\u00eame chose !!! Ce qui serait bien r\u00e9ducteur alors que c\u2019est tout le contraire :<\/p>\n<h4 style=\"text-align: left;\" align=\"center\">\u00a0<span style=\"color: #993366;\">Or au contraire, loin de se r\u00e9duire aux g\u00e9n\u00e9ralit\u00e9s du signe solaire de tout un chacun, pour un astrologue chaque personne est un \u00eatre unique reli\u00e9 \u00e0 tout l\u2019univers !<\/span><\/h4>\n<h2 style=\"text-align: left;\"><span style=\"color: #993366;\">Quel est le r\u00f4le de\u00a0 l&rsquo;astrologie et que peut elle apporter ?<\/span><\/h2>\n<p>L\u2019Astrologue n\u2019est pas un voyant, il n\u2019est pas non plus un psychologue. Mais\u00a0il apporte un \u00e9clairage qui permet de prendre des distances avec notre v\u00e9cu et ouvre des horizons sur des possibles que nous n&rsquo;aurions peut \u00eatre pas envisag\u00e9s. En gros, il am\u00e8ne vers une meilleure connaissance de nous m\u00eame, l&rsquo;occasion de faire un bilan et la possibilit\u00e9 d&rsquo;\u00e9voluer.<\/p>\n<p>Elle peut nous apporter de nombreux services et applications.La premi\u00e8re \u00e9tude est le th\u00e8me astral qui analyse le ciel de naissance et permet de cerner une personnalit\u00e9 et les grandes lignes de la destin\u00e9e. Mais il y a d&rsquo;autres possibilit\u00e9s d&rsquo;\u00e9tudes. Je vous donne rendez sur la page :\u00a0<a href=\"http:\/\/astralyss.fr\/consultations\/\" target=\"_blank\" rel=\"noopener\">Consultations<\/a><\/p>\n<p><img loading=\"lazy\" decoding=\"async\" class=\" wp-image-523 alignright\" src=\"http:\/\/astralyss.fr\/wp-content\/uploads\/2014\/11\/mappe-zodiaque-300x256.jpg\" alt=\"\" width=\"241\" height=\"206\" srcset=\"https:\/\/astralyss.fr\/wp-content\/uploads\/2014\/11\/mappe-zodiaque-300x256.jpg 300w, https:\/\/astralyss.fr\/wp-content\/uploads\/2014\/11\/mappe-zodiaque.jpg 350w\" sizes=\"auto, (max-width: 241px) 100vw, 241px\" \/>Faire faire un th\u00e8me Astral\u00a0peut nous permettre de faire le point, en quelque sorte un arr\u00eat sur image d\u2019une mani\u00e8re relativement efficace\u00a0gr\u00e2ce justement \u00e0 l\u2019observation de notre ciel de naissance. Nous avons dans notre vie\u00a0des \u00e9tapes \u00e0 franchir, des p\u00e9riodes de transition\u00a0pendant lesquelles nous sommes dans le flou, nous naviguons dans le brouillard.<\/p>\n<p>L\u2019astrologie ne r\u00e9pond certes pas \u00e0 toutes les questions mais elle peut nous aider \u00e0 regarder les choses d\u2019une mani\u00e8re nouvelle, telles que nous ne les avons jamais abord\u00e9es. Elle nous donne des cl\u00e9s pour \u00e9clairer nos probl\u00e9matiques r\u00e9currentes, notre chemin de vie, nos motivations profondes, voire nous aider \u00e0 surmonter les \u00e9preuves qui jalonnent notre route et savoir ce que chacun d\u2019entre nous\u00a0est venu faire sur cette terre !<\/p>\n<p>Une fois ce th\u00e8me astral\u00a0\u00e9tabli, on peut \u00a0passer \u00e0\u00a0l\u2019\u00e9tape\u00a0pr\u00e9visionnelle, sachant qu\u2019 un \u00e9ventail de possibilit\u00e9s est propos\u00e9 mais que rien n\u2019est\u00a0impos\u00e9 ; c\u2019est \u00e0 nous de choisir en observant une loi universelle et incontournable : celle du libre arbitre !<\/p>\n<p>En un mot : elle est un v\u00e9ritable chemin de lumi\u00e8re, de sagesse et un outil d\u2019\u00e9volution.<\/p>\n<h3 align=\"center\"><span style=\"color: #008000;\">Les astres inclinent mais ne d\u00e9terminent pas !<\/span><\/h3>\n<p>N&rsquo;attendez pas d&rsquo;un astrologue qu&rsquo;il vous donne des r\u00e9ponses pr\u00e9cises ou qu&rsquo;il vous dicte votre avenir. Il vous donnera un \u00e9ventail de possibilit\u00e9s parmi lesquelles c&rsquo;est \u00e0 vous et \u00e0 vous seul qu&rsquo;il appartient de choisir votre devenir. Vous aurez simplement les cartes en main pour le faire. Mais si vous choisissez de refuser de comprendre quand vient l&rsquo;heure du changement, que vous d\u00e9cidez de proscrastiner, vous \u00eates libre de le faire. Attendez vous simplement \u00e0 redoubler vos classes et \u00e0 vous retrouver dans une m\u00eame situation encore une fois dans votre avenir. Jusqu&rsquo;\u00e0 ce que vous finissiez par comprendre la le\u00e7on.\u00a0 Mais vous \u00eates toujours libre de choisir. Car ne l&rsquo;oublions pas ; nous avons toujours le choix.<\/p>\n<p><img loading=\"lazy\" decoding=\"async\" class=\"size-medium wp-image-1587 aligncenter\" src=\"http:\/\/astralyss.fr\/wp-content\/uploads\/2014\/11\/bandeau-astr-bleu-mod-300x128.jpg\" alt=\"bandeau astralyss bleu\" width=\"300\" height=\"128\" srcset=\"https:\/\/astralyss.fr\/wp-content\/uploads\/2014\/11\/bandeau-astr-bleu-mod-300x128.jpg 300w, https:\/\/astralyss.fr\/wp-content\/uploads\/2014\/11\/bandeau-astr-bleu-mod-768x327.jpg 768w, https:\/\/astralyss.fr\/wp-content\/uploads\/2014\/11\/bandeau-astr-bleu-mod.jpg 812w\" sizes=\"auto, (max-width: 300px) 100vw, 300px\" \/><\/p>\n<h4 style=\"text-align: center;\"><span style=\"color: #993366;\">Les articles du blog<\/span><\/h4>\n<p>[<\/p>\n","protected":false},"excerpt":{"rendered":"<p>L&rsquo;Astrologie, qu&rsquo;est ce que c&rsquo;est ?\u00a0 \u00a0en quelques lignes Du macrocosme au microcosme\u2026 Ainsi que cit\u00e9 en pr\u00e9ambule, malgr\u00e9 l&rsquo;anciennet\u00e9 de ses origines, l&rsquo;astrologie n&rsquo;a pas pris une ride. Bien au contraire, c&rsquo;est une science en constante \u00e9volution. Science humaine ? Science occulte ? G\u00e9om\u00e9trie sacr\u00e9e ? L\u2019Astrologie r\u00e9unit de multiples comp\u00e9tences et elle est [&hellip;]<\/p>\n","protected":false},"author":2,"featured_media":0,"parent":0,"menu_order":0,"comment_status":"closed","ping_status":"closed","template":"","meta":{"site-sidebar-layout":"default","site-content-layout":"","ast-site-content-layout":"default","site-content-style":"default","site-sidebar-style":"default","ast-global-header-display":"","ast-banner-title-visibility":"","ast-main-header-display":"","ast-hfb-above-header-display":"","ast-hfb-below-header-display":"","ast-hfb-mobile-header-display":"","site-post-title":"","ast-breadcrumbs-content":"","ast-featured-img":"","footer-sml-layout":"","theme-transparent-header-meta":"","adv-header-id-meta":"","stick-header-meta":"","header-above-stick-meta":"","header-main-stick-meta":"","header-below-stick-meta":"","astra-migrate-meta-layouts":"default","ast-page-background-enabled":"default","ast-page-background-meta":{"desktop":{"background-color":"var(--ast-global-color-4)","background-image":"","background-repeat":"repeat","background-position":"center center","background-size":"auto","background-attachment":"scroll","background-type":"","background-media":"","overlay-type":"","overlay-color":"","overlay-opacity":"","overlay-gradient":""},"tablet":{"background-color":"","background-image":"","background-repeat":"repeat","background-position":"center center","background-size":"auto","background-attachment":"scroll","background-type":"","background-media":"","overlay-type":"","overlay-color":"","overlay-opacity":"","overlay-gradient":""},"mobile":{"background-color":"","background-image":"","background-repeat":"repeat","background-position":"center center","background-size":"auto","background-attachment":"scroll","background-type":"","background-media":"","overlay-type":"","overlay-color":"","overlay-opacity":"","overlay-gradient":""}},"ast-content-background-meta":{"desktop":{"background-color":"var(--ast-global-color-5)","background-image":"","background-repeat":"repeat","background-position":"center center","background-size":"auto","background-attachment":"scroll","background-type":"","background-media":"","overlay-type":"","overlay-color":"","overlay-opacity":"","overlay-gradient":""},"tablet":{"background-color":"var(--ast-global-color-5)","background-image":"","background-repeat":"repeat","background-position":"center center","background-size":"auto","background-attachment":"scroll","background-type":"","background-media":"","overlay-type":"","overlay-color":"","overlay-opacity":"","overlay-gradient":""},"mobile":{"background-color":"var(--ast-global-color-5)","background-image":"","background-repeat":"repeat","background-position":"center center","background-size":"auto","background-attachment":"scroll","background-type":"","background-media":"","overlay-type":"","overlay-color":"","overlay-opacity":"","overlay-gradient":""}},"footnotes":""},"class_list":["post-27","page","type-page","status-publish","hentry"],"yoast_head":"<!-- This site is optimized with the Yoast SEO plugin v25.3.1 - https:\/\/yoast.com\/wordpress\/plugins\/seo\/ -->\n<title>Astrologie -<\/title>\n<meta name=\"robots\" content=\"index, follow, max-snippet:-1, max-image-preview:large, max-video-preview:-1\" \/>\n<link rel=\"canonical\" href=\"https:\/\/astralyss.fr\/?page_id=27\" \/>\n<meta property=\"og:locale\" content=\"fr_FR\" \/>\n<meta property=\"og:type\" content=\"article\" \/>\n<meta property=\"og:title\" content=\"Astrologie -\" \/>\n<meta property=\"og:description\" content=\"L&rsquo;Astrologie, qu&rsquo;est ce que c&rsquo;est ?\u00a0 \u00a0en quelques lignes Du macrocosme au microcosme\u2026 Ainsi que cit\u00e9 en pr\u00e9ambule, malgr\u00e9 l&rsquo;anciennet\u00e9 de ses origines, l&rsquo;astrologie n&rsquo;a pas pris une ride. Bien au contraire, c&rsquo;est une science en constante \u00e9volution. Science humaine ? Science occulte ? G\u00e9om\u00e9trie sacr\u00e9e ? L\u2019Astrologie r\u00e9unit de multiples comp\u00e9tences et elle est [&hellip;]\" \/>\n<meta property=\"og:url\" content=\"https:\/\/astralyss.fr\/?page_id=27\" \/>\n<meta property=\"article:publisher\" content=\"https:\/\/www.facebook.com\/astralyss\/\" \/>\n<meta property=\"article:modified_time\" content=\"2022-07-25T15:23:14+00:00\" \/>\n<meta property=\"og:image\" content=\"http:\/\/astralyss.fr\/wp-content\/uploads\/2014\/06\/table-demeraude-300x205.jpg\" \/>\n<meta name=\"twitter:label1\" content=\"Dur\u00e9e de lecture estim\u00e9e\" \/>\n\t<meta name=\"twitter:data1\" content=\"6 minutes\" \/>\n<script type=\"application\/ld+json\" class=\"yoast-schema-graph\">{\"@context\":\"https:\/\/schema.org\",\"@graph\":[{\"@type\":\"WebPage\",\"@id\":\"https:\/\/astralyss.fr\/?page_id=27\",\"url\":\"https:\/\/astralyss.fr\/?page_id=27\",\"name\":\"Astrologie -\",\"isPartOf\":{\"@id\":\"https:\/\/astralyss.fr\/#website\"},\"primaryImageOfPage\":{\"@id\":\"https:\/\/astralyss.fr\/?page_id=27#primaryimage\"},\"image\":{\"@id\":\"https:\/\/astralyss.fr\/?page_id=27#primaryimage\"},\"thumbnailUrl\":\"http:\/\/astralyss.fr\/wp-content\/uploads\/2014\/06\/table-demeraude-300x205.jpg\",\"datePublished\":\"2014-06-03T15:44:17+00:00\",\"dateModified\":\"2022-07-25T15:23:14+00:00\",\"breadcrumb\":{\"@id\":\"https:\/\/astralyss.fr\/?page_id=27#breadcrumb\"},\"inLanguage\":\"fr-FR\",\"potentialAction\":[{\"@type\":\"ReadAction\",\"target\":[\"https:\/\/astralyss.fr\/?page_id=27\"]}]},{\"@type\":\"ImageObject\",\"inLanguage\":\"fr-FR\",\"@id\":\"https:\/\/astralyss.fr\/?page_id=27#primaryimage\",\"url\":\"https:\/\/astralyss.fr\/wp-content\/uploads\/2014\/06\/table-demeraude.jpg\",\"contentUrl\":\"https:\/\/astralyss.fr\/wp-content\/uploads\/2014\/06\/table-demeraude.jpg\",\"width\":956,\"height\":656,\"caption\":\"La table d'emeraude\"},{\"@type\":\"BreadcrumbList\",\"@id\":\"https:\/\/astralyss.fr\/?page_id=27#breadcrumb\",\"itemListElement\":[{\"@type\":\"ListItem\",\"position\":1,\"name\":\"Accueil\",\"item\":\"https:\/\/astralyss.fr\/\"},{\"@type\":\"ListItem\",\"position\":2,\"name\":\"Astrologie\"}]},{\"@type\":\"WebSite\",\"@id\":\"https:\/\/astralyss.fr\/#website\",\"url\":\"https:\/\/astralyss.fr\/\",\"name\":\"\",\"description\":\"L&#039;astrologie ... Pour Bien \u00catre Soi\",\"potentialAction\":[{\"@type\":\"SearchAction\",\"target\":{\"@type\":\"EntryPoint\",\"urlTemplate\":\"https:\/\/astralyss.fr\/?s={search_term_string}\"},\"query-input\":{\"@type\":\"PropertyValueSpecification\",\"valueRequired\":true,\"valueName\":\"search_term_string\"}}],\"inLanguage\":\"fr-FR\"}]}<\/script>\n<!-- \/ Yoast SEO plugin. -->","yoast_head_json":{"title":"Astrologie -","robots":{"index":"index","follow":"follow","max-snippet":"max-snippet:-1","max-image-preview":"max-image-preview:large","max-video-preview":"max-video-preview:-1"},"canonical":"https:\/\/astralyss.fr\/?page_id=27","og_locale":"fr_FR","og_type":"article","og_title":"Astrologie -","og_description":"L&rsquo;Astrologie, qu&rsquo;est ce que c&rsquo;est ?\u00a0 \u00a0en quelques lignes Du macrocosme au microcosme\u2026 Ainsi que cit\u00e9 en pr\u00e9ambule, malgr\u00e9 l&rsquo;anciennet\u00e9 de ses origines, l&rsquo;astrologie n&rsquo;a pas pris une ride. Bien au contraire, c&rsquo;est une science en constante \u00e9volution. Science humaine ? Science occulte ? G\u00e9om\u00e9trie sacr\u00e9e ? L\u2019Astrologie r\u00e9unit de multiples comp\u00e9tences et elle est [&hellip;]","og_url":"https:\/\/astralyss.fr\/?page_id=27","article_publisher":"https:\/\/www.facebook.com\/astralyss\/","article_modified_time":"2022-07-25T15:23:14+00:00","og_image":[{"url":"http:\/\/astralyss.fr\/wp-content\/uploads\/2014\/06\/table-demeraude-300x205.jpg","type":"","width":"","height":""}],"twitter_misc":{"Dur\u00e9e de lecture estim\u00e9e":"6 minutes"},"schema":{"@context":"https:\/\/schema.org","@graph":[{"@type":"WebPage","@id":"https:\/\/astralyss.fr\/?page_id=27","url":"https:\/\/astralyss.fr\/?page_id=27","name":"Astrologie -","isPartOf":{"@id":"https:\/\/astralyss.fr\/#website"},"primaryImageOfPage":{"@id":"https:\/\/astralyss.fr\/?page_id=27#primaryimage"},"image":{"@id":"https:\/\/astralyss.fr\/?page_id=27#primaryimage"},"thumbnailUrl":"http:\/\/astralyss.fr\/wp-content\/uploads\/2014\/06\/table-demeraude-300x205.jpg","datePublished":"2014-06-03T15:44:17+00:00","dateModified":"2022-07-25T15:23:14+00:00","breadcrumb":{"@id":"https:\/\/astralyss.fr\/?page_id=27#breadcrumb"},"inLanguage":"fr-FR","potentialAction":[{"@type":"ReadAction","target":["https:\/\/astralyss.fr\/?page_id=27"]}]},{"@type":"ImageObject","inLanguage":"fr-FR","@id":"https:\/\/astralyss.fr\/?page_id=27#primaryimage","url":"https:\/\/astralyss.fr\/wp-content\/uploads\/2014\/06\/table-demeraude.jpg","contentUrl":"https:\/\/astralyss.fr\/wp-content\/uploads\/2014\/06\/table-demeraude.jpg","width":956,"height":656,"caption":"La table d'emeraude"},{"@type":"BreadcrumbList","@id":"https:\/\/astralyss.fr\/?page_id=27#breadcrumb","itemListElement":[{"@type":"ListItem","position":1,"name":"Accueil","item":"https:\/\/astralyss.fr\/"},{"@type":"ListItem","position":2,"name":"Astrologie"}]},{"@type":"WebSite","@id":"https:\/\/astralyss.fr\/#website","url":"https:\/\/astralyss.fr\/","name":"","description":"L&#039;astrologie ... Pour Bien \u00catre Soi","potentialAction":[{"@type":"SearchAction","target":{"@type":"EntryPoint","urlTemplate":"https:\/\/astralyss.fr\/?s={search_term_string}"},"query-input":{"@type":"PropertyValueSpecification","valueRequired":true,"valueName":"search_term_string"}}],"inLanguage":"fr-FR"}]}},"_links":{"self":[{"href":"https:\/\/astralyss.fr\/index.php?rest_route=\/wp\/v2\/pages\/27","targetHints":{"allow":["GET"]}}],"collection":[{"href":"https:\/\/astralyss.fr\/index.php?rest_route=\/wp\/v2\/pages"}],"about":[{"href":"https:\/\/astralyss.fr\/index.php?rest_route=\/wp\/v2\/types\/page"}],"author":[{"embeddable":true,"href":"https:\/\/astralyss.fr\/index.php?rest_route=\/wp\/v2\/users\/2"}],"replies":[{"embeddable":true,"href":"https:\/\/astralyss.fr\/index.php?rest_route=%2Fwp%2Fv2%2Fcomments&post=27"}],"version-history":[{"count":25,"href":"https:\/\/astralyss.fr\/index.php?rest_route=\/wp\/v2\/pages\/27\/revisions"}],"predecessor-version":[{"id":2068,"href":"https:\/\/astralyss.fr\/index.php?rest_route=\/wp\/v2\/pages\/27\/revisions\/2068"}],"wp:attachment":[{"href":"https:\/\/astralyss.fr\/index.php?rest_route=%2Fwp%2Fv2%2Fmedia&parent=27"}],"curies":[{"name":"wp","href":"https:\/\/api.w.org\/{rel}","templated":true}]}}