{"id":344,"date":"2014-11-26T22:54:13","date_gmt":"2014-11-26T21:54:13","guid":{"rendered":"http:\/\/astralyss.fr\/?page_id=344"},"modified":"2025-06-18T17:58:36","modified_gmt":"2025-06-18T15:58:36","slug":"association-astralyss","status":"publish","type":"page","link":"https:\/\/astralyss.fr\/?page_id=344","title":{"rendered":"Association Astralyss"},"content":{"rendered":"<blockquote>\n<h2><span style=\"color: #333399;\">Pr\u00e9sentation<\/span><\/h2>\n<h2><span style=\"color: #333399;\">Nom :<\/span> \u00a0 \u00a0 \u00a0 \u00a0 \u00a0 \u00a0 \u00a0 \u00a0 \u00a0 \u00a0 \u00a0 \u00a0 \u00a0\u00a0<strong><span style=\"color: #800080;\">\u00a0ASTRALYSS<\/span><\/strong><\/h2>\n<h4 style=\"text-align: left;\"><span style=\"color: #333399;\">Nature : \u00a0 Association loi 1901 \u00a0<\/span><\/h4>\n<p>d\u00e9clar\u00e9e en sous pr\u00e9fecture de Narbonne sous le n\u00b0 W113003261<\/p>\n<h2><strong><span style=\"color: #800080;\"><img loading=\"lazy\" decoding=\"async\" class=\" wp-image-1399 alignright\" src=\"http:\/\/astralyss.fr\/wp-content\/uploads\/2017\/11\/BANDEAU-ASTR-MOD-300x107.jpg\" alt=\"BANDEAU ASTRALYSS\" width=\"370\" height=\"132\" srcset=\"https:\/\/astralyss.fr\/wp-content\/uploads\/2017\/11\/BANDEAU-ASTR-MOD-300x107.jpg 300w, https:\/\/astralyss.fr\/wp-content\/uploads\/2017\/11\/BANDEAU-ASTR-MOD.jpg 537w\" sizes=\"auto, (max-width: 370px) 100vw, 370px\" \/><\/span><\/strong><\/h2>\n<p>Date de cr\u00e9ation :\u00a0\u00a0\u00a0\u00a0 3 octobre 2014<\/p>\n<p>Si\u00e8ge social : \u00a0 \u00a0 \u00a0\u00a0 20 Rue du Muscat \u00e0 Salles d&rsquo;Aude 11110 \u00a0 \u00a0 \u00a0Siren : 822 191 250\u00a0 \u00a0 \u00a0 \u00a0 \u00a0 \u00a0 \u00a0 \u00a0 \u00a0 APE : 9499z<\/p>\n<p>Objet : Favoriser le d\u00e9veloppement personnel, la cr\u00e9ativit\u00e9, le d\u00e9veloppement de l\u2019expression corporelle ou artistique, l\u2019am\u00e9lioration du bien-\u00eatre, l\u2019\u00e9l\u00e9vation harmonieuse du corps et de l\u2019esprit en respectant la libert\u00e9, les convictions et croyances de chaque individu.<\/p>\n<p>L&rsquo;association Astralyss se propose de mettre en \u0153uvre de la pratique, la diffusion et l\u2019enseignement de l\u2019astrologie, d&rsquo;organiser des r\u00e9unions d\u2019information, d\u2019ateliers, de cours, de conf\u00e9rences ou toute action propre \u00e0 am\u00e9liorer la connaissance de soi-m\u00eame \u00e0 travers l\u2019\u00e9tude du symbolisme et des correspondances entre les \u00e9l\u00e9ments c\u00e9lestes et la vie sur la terre, soit entre l\u2019infiniment grand et l\u2019infiniment petit ; et de participer \u00e0 toute action collective telle que manifestation, porte ouverte, activit\u00e9 cr\u00e9ative, exposition \u00a0vente d&rsquo;objets divers dans un cadre associatif, sportif, culturel, caritatif ou \u00e9conomique.<\/p>\n<p>Pr\u00e9sidente : Dani\u00e8le Samso<\/p>\n<h4 style=\"text-align: center;\"><span style=\"color: #993366;\">Montant de la cotisation \u00a0: \u00a0adh\u00e9rent 15 \u20ac \u00a0&#8211; membre bienfaiteur : libre participation<br \/>\n<\/span><\/h4>\n<\/blockquote>\n<h5 style=\"text-align: center;\"><span style=\"color: #800080;\">O\u00f9 nous trouver ?\u00a0 \u00a0 \u00a0<\/span><span style=\"color: #800080;\">L&rsquo;association Astralyss est accessible sur rendez vous\u00a0 \u00e0 son si\u00e8ge social : <\/span><span style=\"color: #800080;\">\u00a0Cuxac d&rsquo;Aude &#8211; 21 Boulevard Jeanne d&rsquo;Arc\u00a0 \u00a0 \u00a0 \u00a0 \u00a0 \u00a0 \u00a0 \u00a0 \u00a0 \u00a0 \u00a0 \u00a0 \u00a0 \u00a0 \u00a0 \u00a0 \u00a0 \u00a0 \u00a0 \u00a0<\/span><\/h5>\n<p>Voici le stand d&rsquo;exposition : Livres, cartes, pierres, pendules, pendentifs cristaux, bijoux fantaisie<\/p>\n<figure id=\"attachment_1149\" aria-describedby=\"caption-attachment-1149\" style=\"width: 193px\" class=\"wp-caption alignleft\"><img loading=\"lazy\" decoding=\"async\" class=\" wp-image-1149\" src=\"http:\/\/astralyss.fr\/wp-content\/uploads\/2014\/11\/20170707_192508-215x300.jpg\" alt=\"Stand Astralyss \u00e0 la Yole\" width=\"193\" height=\"270\" srcset=\"https:\/\/astralyss.fr\/wp-content\/uploads\/2014\/11\/20170707_192508-215x300.jpg 215w, https:\/\/astralyss.fr\/wp-content\/uploads\/2014\/11\/20170707_192508-768x1069.jpg 768w, https:\/\/astralyss.fr\/wp-content\/uploads\/2014\/11\/20170707_192508-735x1024.jpg 735w, https:\/\/astralyss.fr\/wp-content\/uploads\/2014\/11\/20170707_192508-1080x1504.jpg 1080w\" sizes=\"auto, (max-width: 193px) 100vw, 193px\" \/><figcaption id=\"caption-attachment-1149\" class=\"wp-caption-text\">Stand Astralyss \u00e0 la Yole<br \/>Valras Plage<\/figcaption><\/figure>\n<figure id=\"attachment_1148\" aria-describedby=\"caption-attachment-1148\" style=\"width: 158px\" class=\"wp-caption alignleft\"><img loading=\"lazy\" decoding=\"async\" class=\" wp-image-1148\" src=\"http:\/\/astralyss.fr\/wp-content\/uploads\/2014\/11\/20170816_125823-174x300.jpg\" alt=\"Expo Astralyss\" width=\"158\" height=\"272\" srcset=\"https:\/\/astralyss.fr\/wp-content\/uploads\/2014\/11\/20170816_125823-174x300.jpg 174w, https:\/\/astralyss.fr\/wp-content\/uploads\/2014\/11\/20170816_125823-768x1320.jpg 768w, https:\/\/astralyss.fr\/wp-content\/uploads\/2014\/11\/20170816_125823-596x1024.jpg 596w, https:\/\/astralyss.fr\/wp-content\/uploads\/2014\/11\/20170816_125823-1080x1857.jpg 1080w\" sizes=\"auto, (max-width: 158px) 100vw, 158px\" \/><figcaption id=\"caption-attachment-1148\" class=\"wp-caption-text\">Expo Astralyss &#8211; 2 Chemin des Oliviers &#8211; Salles d&rsquo;Aude<\/figcaption><\/figure>\n<figure id=\"attachment_1150\" aria-describedby=\"caption-attachment-1150\" style=\"width: 210px\" class=\"wp-caption alignleft\"><img loading=\"lazy\" decoding=\"async\" class=\" wp-image-1150\" src=\"http:\/\/astralyss.fr\/wp-content\/uploads\/2014\/11\/consultation-minute-230x300.jpg\" alt=\"consultation minute\" width=\"210\" height=\"274\" srcset=\"https:\/\/astralyss.fr\/wp-content\/uploads\/2014\/11\/consultation-minute-230x300.jpg 230w, https:\/\/astralyss.fr\/wp-content\/uploads\/2014\/11\/consultation-minute.jpg 616w\" sizes=\"auto, (max-width: 210px) 100vw, 210px\" \/><figcaption id=\"caption-attachment-1150\" class=\"wp-caption-text\">Animation sur stand<\/figcaption><\/figure>\n<figure id=\"attachment_1168\" aria-describedby=\"caption-attachment-1168\" style=\"width: 154px\" class=\"wp-caption alignleft\"><img loading=\"lazy\" decoding=\"async\" class=\" wp-image-1168\" src=\"http:\/\/astralyss.fr\/wp-content\/uploads\/2014\/11\/20170425_183532-169x300.jpg\" alt=\"Livres\" width=\"154\" height=\"273\" srcset=\"https:\/\/astralyss.fr\/wp-content\/uploads\/2014\/11\/20170425_183532-169x300.jpg 169w, https:\/\/astralyss.fr\/wp-content\/uploads\/2014\/11\/20170425_183532-768x1365.jpg 768w, https:\/\/astralyss.fr\/wp-content\/uploads\/2014\/11\/20170425_183532-576x1024.jpg 576w, https:\/\/astralyss.fr\/wp-content\/uploads\/2014\/11\/20170425_183532-1080x1920.jpg 1080w\" sizes=\"auto, (max-width: 154px) 100vw, 154px\" \/><figcaption id=\"caption-attachment-1168\" class=\"wp-caption-text\">Livres<\/figcaption><\/figure>\n<figure id=\"attachment_1167\" aria-describedby=\"caption-attachment-1167\" style=\"width: 218px\" class=\"wp-caption alignleft\"><img loading=\"lazy\" decoding=\"async\" class=\" wp-image-1167\" src=\"http:\/\/astralyss.fr\/wp-content\/uploads\/2014\/11\/les-pendentifs-259x300.jpg\" alt=\"\" width=\"218\" height=\"252\" srcset=\"https:\/\/astralyss.fr\/wp-content\/uploads\/2014\/11\/les-pendentifs-259x300.jpg 259w, https:\/\/astralyss.fr\/wp-content\/uploads\/2014\/11\/les-pendentifs-768x891.jpg 768w, https:\/\/astralyss.fr\/wp-content\/uploads\/2014\/11\/les-pendentifs-883x1024.jpg 883w, https:\/\/astralyss.fr\/wp-content\/uploads\/2014\/11\/les-pendentifs-1080x1253.jpg 1080w, https:\/\/astralyss.fr\/wp-content\/uploads\/2014\/11\/les-pendentifs.jpg 2002w\" sizes=\"auto, (max-width: 218px) 100vw, 218px\" \/><figcaption id=\"caption-attachment-1167\" class=\"wp-caption-text\">Les pendentifs<\/figcaption><\/figure>\n<figure id=\"attachment_1420\" aria-describedby=\"caption-attachment-1420\" style=\"width: 337px\" class=\"wp-caption alignleft\"><img loading=\"lazy\" decoding=\"async\" class=\"wp-image-1420\" style=\"margin-bottom: -1ex; font-weight: bold; -webkit-user-drag: none; display: inline-block;\" src=\"http:\/\/astralyss.fr\/wp-content\/uploads\/2014\/11\/20170825_134756-300x169.jpg\" alt=\"Stand astralyss\" width=\"337\" height=\"190\" srcset=\"https:\/\/astralyss.fr\/wp-content\/uploads\/2014\/11\/20170825_134756-300x169.jpg 300w, https:\/\/astralyss.fr\/wp-content\/uploads\/2014\/11\/20170825_134756-768x432.jpg 768w, https:\/\/astralyss.fr\/wp-content\/uploads\/2014\/11\/20170825_134756-1024x576.jpg 1024w, https:\/\/astralyss.fr\/wp-content\/uploads\/2014\/11\/20170825_134756-1080x608.jpg 1080w\" sizes=\"auto, (max-width: 337px) 100vw, 337px\" \/><figcaption id=\"caption-attachment-1420\" class=\"wp-caption-text\">Stand astralyss<\/figcaption><\/figure>\n<figure id=\"attachment_1166\" aria-describedby=\"caption-attachment-1166\" style=\"width: 282px\" class=\"wp-caption alignright\"><img loading=\"lazy\" decoding=\"async\" class=\" wp-image-1166\" src=\"http:\/\/astralyss.fr\/wp-content\/uploads\/2014\/11\/20170425_183452-300x193.jpg\" alt=\"Les pierres\" width=\"282\" height=\"181\" srcset=\"https:\/\/astralyss.fr\/wp-content\/uploads\/2014\/11\/20170425_183452-300x193.jpg 300w, https:\/\/astralyss.fr\/wp-content\/uploads\/2014\/11\/20170425_183452-768x493.jpg 768w, https:\/\/astralyss.fr\/wp-content\/uploads\/2014\/11\/20170425_183452-1024x658.jpg 1024w, https:\/\/astralyss.fr\/wp-content\/uploads\/2014\/11\/20170425_183452-1080x694.jpg 1080w\" sizes=\"auto, (max-width: 282px) 100vw, 282px\" \/><figcaption id=\"caption-attachment-1166\" class=\"wp-caption-text\">Les pierres<\/figcaption><\/figure>\n<h3><\/h3>\n<h3><\/h3>\n<h3><\/h3>\n<hr \/>\n<h3><\/h3>\n<h3><span style=\"color: #993366;\">Astralyss c&rsquo;est aussi des conf\u00e9rences d&rsquo;Astrologie<\/span><\/h3>\n<p>Le 25 janvier 2018 au Palais du Travail \u00e0 Narbonne<\/p>\n<p><img loading=\"lazy\" decoding=\"async\" class=\" wp-image-1424 alignright\" src=\"http:\/\/astralyss.fr\/wp-content\/uploads\/2014\/11\/CONFERENCE-ASTRO-01-18-300x223.jpg\" alt=\"CONFERENCE ASTRO 01 18\" width=\"377\" height=\"280\" srcset=\"https:\/\/astralyss.fr\/wp-content\/uploads\/2014\/11\/CONFERENCE-ASTRO-01-18-300x223.jpg 300w, https:\/\/astralyss.fr\/wp-content\/uploads\/2014\/11\/CONFERENCE-ASTRO-01-18-768x571.jpg 768w, https:\/\/astralyss.fr\/wp-content\/uploads\/2014\/11\/CONFERENCE-ASTRO-01-18.jpg 839w\" sizes=\"auto, (max-width: 377px) 100vw, 377px\" \/><\/p>\n<p>Association Elycia<\/p>\n<h4><span style=\"color: #008080;\">L&rsquo;Astrologie : Une voie royale d\u00e9tenant les clefs de la destin\u00e9e<\/span><\/h4>\n<p><img loading=\"lazy\" decoding=\"async\" class=\"wp-image-1155 alignleft\" src=\"http:\/\/astralyss.fr\/wp-content\/uploads\/2014\/11\/conference-10-06-17-300x225.jpg\" alt=\"conference astralyss 10 06 17\" width=\"445\" height=\"334\" srcset=\"https:\/\/astralyss.fr\/wp-content\/uploads\/2014\/11\/conference-10-06-17-300x225.jpg 300w, https:\/\/astralyss.fr\/wp-content\/uploads\/2014\/11\/conference-10-06-17-768x576.jpg 768w, https:\/\/astralyss.fr\/wp-content\/uploads\/2014\/11\/conference-10-06-17.jpg 1017w\" sizes=\"auto, (max-width: 445px) 100vw, 445px\" \/><\/p>\n<p>Le 10 juin 2017 au Salon du bien-\u00eatre de Sainte Colombes<\/p>\n<p>Titre de la Conf\u00e9rence<\/p>\n<h4><span style=\"color: #008080;\">L&rsquo;Astrologie :\u00a0Un Chemin de lumi\u00e8re pour la rencontre avec soi-m\u00eame<\/span><\/h4>\n<p><img loading=\"lazy\" decoding=\"async\" class=\" wp-image-689 alignright\" src=\"http:\/\/astralyss.fr\/wp-content\/uploads\/2014\/06\/affiche-conference-fevrier-300x229.jpg\" alt=\"conference fevrier 2016\" width=\"438\" height=\"335\" srcset=\"https:\/\/astralyss.fr\/wp-content\/uploads\/2014\/06\/affiche-conference-fevrier-300x229.jpg 300w, https:\/\/astralyss.fr\/wp-content\/uploads\/2014\/06\/affiche-conference-fevrier.jpg 814w\" sizes=\"auto, (max-width: 438px) 100vw, 438px\" \/><\/p>\n<p style=\"text-align: center;\">F\u00e9vrier 2016 \u00e0 l&rsquo;Acad\u00e9mie du Temps libre<\/p>\n<p style=\"text-align: center;\">Avenue G\u00e9n\u00e9ral Leclerc Narbonne<\/p>\n<h4 style=\"text-align: center;\"><span style=\"color: #008080;\">Les secrets de votre personnalit\u00e9 r\u00e9v\u00e9l\u00e9s par les Astres<\/span><\/h4>\n<p><img loading=\"lazy\" decoding=\"async\" class=\"wp-image-662 alignleft\" src=\"http:\/\/astralyss.fr\/wp-content\/uploads\/2014\/06\/affiche-astro-confer-12-15-300x225.jpg\" alt=\"affiche astro confer 12 15\" width=\"390\" height=\"292\" srcset=\"https:\/\/astralyss.fr\/wp-content\/uploads\/2014\/06\/affiche-astro-confer-12-15-300x225.jpg 300w, https:\/\/astralyss.fr\/wp-content\/uploads\/2014\/06\/affiche-astro-confer-12-15.jpg 805w\" sizes=\"auto, (max-width: 390px) 100vw, 390px\" \/><\/p>\n<p>D\u00e9cembre 2015 \u00e0 l&rsquo;Arc en Ciel du Partage &#8211; Rue Garanci\u00e8re<\/p>\n<p>Narbonne<\/p>\n<h4><span style=\"color: #008080;\">Les Myst\u00e8res de l&rsquo;Astrologie : Un voyage dans le temps et l&rsquo;Espace<\/span><\/h4>\n","protected":false},"excerpt":{"rendered":"<p>Pr\u00e9sentation Nom : \u00a0 \u00a0 \u00a0 \u00a0 \u00a0 \u00a0 \u00a0 \u00a0 \u00a0 \u00a0 \u00a0 \u00a0 \u00a0\u00a0\u00a0ASTRALYSS Nature : \u00a0 Association loi 1901 \u00a0 d\u00e9clar\u00e9e en sous pr\u00e9fecture de Narbonne sous le n\u00b0 W113003261 Date de cr\u00e9ation :\u00a0\u00a0\u00a0\u00a0 3 octobre 2014 Si\u00e8ge social : \u00a0 \u00a0 \u00a0\u00a0 20 Rue du Muscat \u00e0 Salles d&rsquo;Aude 11110 \u00a0 [&hellip;]<\/p>\n","protected":false},"author":2,"featured_media":0,"parent":0,"menu_order":0,"comment_status":"closed","ping_status":"closed","template":"","meta":{"site-sidebar-layout":"default","site-content-layout":"","ast-site-content-layout":"default","site-content-style":"default","site-sidebar-style":"default","ast-global-header-display":"","ast-banner-title-visibility":"","ast-main-header-display":"","ast-hfb-above-header-display":"","ast-hfb-below-header-display":"","ast-hfb-mobile-header-display":"","site-post-title":"","ast-breadcrumbs-content":"","ast-featured-img":"","footer-sml-layout":"","theme-transparent-header-meta":"","adv-header-id-meta":"","stick-header-meta":"","header-above-stick-meta":"","header-main-stick-meta":"","header-below-stick-meta":"","astra-migrate-meta-layouts":"default","ast-page-background-enabled":"default","ast-page-background-meta":{"desktop":{"background-color":"var(--ast-global-color-4)","background-image":"","background-repeat":"repeat","background-position":"center center","background-size":"auto","background-attachment":"scroll","background-type":"","background-media":"","overlay-type":"","overlay-color":"","overlay-opacity":"","overlay-gradient":""},"tablet":{"background-color":"","background-image":"","background-repeat":"repeat","background-position":"center center","background-size":"auto","background-attachment":"scroll","background-type":"","background-media":"","overlay-type":"","overlay-color":"","overlay-opacity":"","overlay-gradient":""},"mobile":{"background-color":"","background-image":"","background-repeat":"repeat","background-position":"center center","background-size":"auto","background-attachment":"scroll","background-type":"","background-media":"","overlay-type":"","overlay-color":"","overlay-opacity":"","overlay-gradient":""}},"ast-content-background-meta":{"desktop":{"background-color":"var(--ast-global-color-5)","background-image":"","background-repeat":"repeat","background-position":"center center","background-size":"auto","background-attachment":"scroll","background-type":"","background-media":"","overlay-type":"","overlay-color":"","overlay-opacity":"","overlay-gradient":""},"tablet":{"background-color":"var(--ast-global-color-5)","background-image":"","background-repeat":"repeat","background-position":"center center","background-size":"auto","background-attachment":"scroll","background-type":"","background-media":"","overlay-type":"","overlay-color":"","overlay-opacity":"","overlay-gradient":""},"mobile":{"background-color":"var(--ast-global-color-5)","background-image":"","background-repeat":"repeat","background-position":"center center","background-size":"auto","background-attachment":"scroll","background-type":"","background-media":"","overlay-type":"","overlay-color":"","overlay-opacity":"","overlay-gradient":""}},"footnotes":""},"class_list":["post-344","page","type-page","status-publish","hentry"],"yoast_head":"<!-- This site is optimized with the Yoast SEO plugin v25.3.1 - https:\/\/yoast.com\/wordpress\/plugins\/seo\/ -->\n<title>Association Astralyss -<\/title>\n<meta name=\"description\" content=\"cr\u00e9ation de l&#039;association Astralyss le 3 octobre 2014 \u00e0 Salles d&#039;Aude sous la Pr\u00e9sidence de Dani\u00e8le Samso Bui\" \/>\n<meta name=\"robots\" content=\"index, follow, max-snippet:-1, max-image-preview:large, max-video-preview:-1\" \/>\n<link rel=\"canonical\" href=\"https:\/\/astralyss.fr\/?page_id=344\" \/>\n<meta property=\"og:locale\" content=\"fr_FR\" \/>\n<meta property=\"og:type\" content=\"article\" \/>\n<meta property=\"og:title\" content=\"Association Astralyss -\" \/>\n<meta property=\"og:description\" content=\"cr\u00e9ation de l&#039;association Astralyss le 3 octobre 2014 \u00e0 Salles d&#039;Aude sous la Pr\u00e9sidence de Dani\u00e8le Samso Bui\" \/>\n<meta property=\"og:url\" content=\"https:\/\/astralyss.fr\/?page_id=344\" \/>\n<meta property=\"article:publisher\" content=\"https:\/\/www.facebook.com\/astralyss\/\" \/>\n<meta property=\"article:modified_time\" content=\"2025-06-18T15:58:36+00:00\" \/>\n<meta property=\"og:image\" content=\"http:\/\/astralyss.fr\/wp-content\/uploads\/2017\/11\/BANDEAU-ASTR-MOD-300x107.jpg\" \/>\n<meta name=\"twitter:label1\" content=\"Dur\u00e9e de lecture estim\u00e9e\" \/>\n\t<meta name=\"twitter:data1\" content=\"5 minutes\" \/>\n<script type=\"application\/ld+json\" class=\"yoast-schema-graph\">{\"@context\":\"https:\/\/schema.org\",\"@graph\":[{\"@type\":\"WebPage\",\"@id\":\"https:\/\/astralyss.fr\/?page_id=344\",\"url\":\"https:\/\/astralyss.fr\/?page_id=344\",\"name\":\"Association Astralyss -\",\"isPartOf\":{\"@id\":\"https:\/\/astralyss.fr\/#website\"},\"primaryImageOfPage\":{\"@id\":\"https:\/\/astralyss.fr\/?page_id=344#primaryimage\"},\"image\":{\"@id\":\"https:\/\/astralyss.fr\/?page_id=344#primaryimage\"},\"thumbnailUrl\":\"http:\/\/astralyss.fr\/wp-content\/uploads\/2017\/11\/BANDEAU-ASTR-MOD-300x107.jpg\",\"datePublished\":\"2014-11-26T21:54:13+00:00\",\"dateModified\":\"2025-06-18T15:58:36+00:00\",\"description\":\"cr\u00e9ation de l'association Astralyss le 3 octobre 2014 \u00e0 Salles d'Aude sous la Pr\u00e9sidence de Dani\u00e8le Samso Bui\",\"breadcrumb\":{\"@id\":\"https:\/\/astralyss.fr\/?page_id=344#breadcrumb\"},\"inLanguage\":\"fr-FR\",\"potentialAction\":[{\"@type\":\"ReadAction\",\"target\":[\"https:\/\/astralyss.fr\/?page_id=344\"]}]},{\"@type\":\"ImageObject\",\"inLanguage\":\"fr-FR\",\"@id\":\"https:\/\/astralyss.fr\/?page_id=344#primaryimage\",\"url\":\"https:\/\/astralyss.fr\/wp-content\/uploads\/2017\/11\/BANDEAU-ASTR-MOD.jpg\",\"contentUrl\":\"https:\/\/astralyss.fr\/wp-content\/uploads\/2017\/11\/BANDEAU-ASTR-MOD.jpg\",\"width\":537,\"height\":192,\"caption\":\"BANDEAU ASTRALYSS\"},{\"@type\":\"BreadcrumbList\",\"@id\":\"https:\/\/astralyss.fr\/?page_id=344#breadcrumb\",\"itemListElement\":[{\"@type\":\"ListItem\",\"position\":1,\"name\":\"Accueil\",\"item\":\"https:\/\/astralyss.fr\/\"},{\"@type\":\"ListItem\",\"position\":2,\"name\":\"Association Astralyss\"}]},{\"@type\":\"WebSite\",\"@id\":\"https:\/\/astralyss.fr\/#website\",\"url\":\"https:\/\/astralyss.fr\/\",\"name\":\"\",\"description\":\"L&#039;astrologie ... Pour Bien \u00catre Soi\",\"potentialAction\":[{\"@type\":\"SearchAction\",\"target\":{\"@type\":\"EntryPoint\",\"urlTemplate\":\"https:\/\/astralyss.fr\/?s={search_term_string}\"},\"query-input\":{\"@type\":\"PropertyValueSpecification\",\"valueRequired\":true,\"valueName\":\"search_term_string\"}}],\"inLanguage\":\"fr-FR\"}]}<\/script>\n<!-- \/ Yoast SEO plugin. -->","yoast_head_json":{"title":"Association Astralyss -","description":"cr\u00e9ation de l'association Astralyss le 3 octobre 2014 \u00e0 Salles d'Aude sous la Pr\u00e9sidence de Dani\u00e8le Samso Bui","robots":{"index":"index","follow":"follow","max-snippet":"max-snippet:-1","max-image-preview":"max-image-preview:large","max-video-preview":"max-video-preview:-1"},"canonical":"https:\/\/astralyss.fr\/?page_id=344","og_locale":"fr_FR","og_type":"article","og_title":"Association Astralyss -","og_description":"cr\u00e9ation de l'association Astralyss le 3 octobre 2014 \u00e0 Salles d'Aude sous la Pr\u00e9sidence de Dani\u00e8le Samso Bui","og_url":"https:\/\/astralyss.fr\/?page_id=344","article_publisher":"https:\/\/www.facebook.com\/astralyss\/","article_modified_time":"2025-06-18T15:58:36+00:00","og_image":[{"url":"http:\/\/astralyss.fr\/wp-content\/uploads\/2017\/11\/BANDEAU-ASTR-MOD-300x107.jpg","type":"","width":"","height":""}],"twitter_misc":{"Dur\u00e9e de lecture estim\u00e9e":"5 minutes"},"schema":{"@context":"https:\/\/schema.org","@graph":[{"@type":"WebPage","@id":"https:\/\/astralyss.fr\/?page_id=344","url":"https:\/\/astralyss.fr\/?page_id=344","name":"Association Astralyss -","isPartOf":{"@id":"https:\/\/astralyss.fr\/#website"},"primaryImageOfPage":{"@id":"https:\/\/astralyss.fr\/?page_id=344#primaryimage"},"image":{"@id":"https:\/\/astralyss.fr\/?page_id=344#primaryimage"},"thumbnailUrl":"http:\/\/astralyss.fr\/wp-content\/uploads\/2017\/11\/BANDEAU-ASTR-MOD-300x107.jpg","datePublished":"2014-11-26T21:54:13+00:00","dateModified":"2025-06-18T15:58:36+00:00","description":"cr\u00e9ation de l'association Astralyss le 3 octobre 2014 \u00e0 Salles d'Aude sous la Pr\u00e9sidence de Dani\u00e8le Samso Bui","breadcrumb":{"@id":"https:\/\/astralyss.fr\/?page_id=344#breadcrumb"},"inLanguage":"fr-FR","potentialAction":[{"@type":"ReadAction","target":["https:\/\/astralyss.fr\/?page_id=344"]}]},{"@type":"ImageObject","inLanguage":"fr-FR","@id":"https:\/\/astralyss.fr\/?page_id=344#primaryimage","url":"https:\/\/astralyss.fr\/wp-content\/uploads\/2017\/11\/BANDEAU-ASTR-MOD.jpg","contentUrl":"https:\/\/astralyss.fr\/wp-content\/uploads\/2017\/11\/BANDEAU-ASTR-MOD.jpg","width":537,"height":192,"caption":"BANDEAU ASTRALYSS"},{"@type":"BreadcrumbList","@id":"https:\/\/astralyss.fr\/?page_id=344#breadcrumb","itemListElement":[{"@type":"ListItem","position":1,"name":"Accueil","item":"https:\/\/astralyss.fr\/"},{"@type":"ListItem","position":2,"name":"Association Astralyss"}]},{"@type":"WebSite","@id":"https:\/\/astralyss.fr\/#website","url":"https:\/\/astralyss.fr\/","name":"","description":"L&#039;astrologie ... Pour Bien \u00catre Soi","potentialAction":[{"@type":"SearchAction","target":{"@type":"EntryPoint","urlTemplate":"https:\/\/astralyss.fr\/?s={search_term_string}"},"query-input":{"@type":"PropertyValueSpecification","valueRequired":true,"valueName":"search_term_string"}}],"inLanguage":"fr-FR"}]}},"_links":{"self":[{"href":"https:\/\/astralyss.fr\/index.php?rest_route=\/wp\/v2\/pages\/344","targetHints":{"allow":["GET"]}}],"collection":[{"href":"https:\/\/astralyss.fr\/index.php?rest_route=\/wp\/v2\/pages"}],"about":[{"href":"https:\/\/astralyss.fr\/index.php?rest_route=\/wp\/v2\/types\/page"}],"author":[{"embeddable":true,"href":"https:\/\/astralyss.fr\/index.php?rest_route=\/wp\/v2\/users\/2"}],"replies":[{"embeddable":true,"href":"https:\/\/astralyss.fr\/index.php?rest_route=%2Fwp%2Fv2%2Fcomments&post=344"}],"version-history":[{"count":46,"href":"https:\/\/astralyss.fr\/index.php?rest_route=\/wp\/v2\/pages\/344\/revisions"}],"predecessor-version":[{"id":2118,"href":"https:\/\/astralyss.fr\/index.php?rest_route=\/wp\/v2\/pages\/344\/revisions\/2118"}],"wp:attachment":[{"href":"https:\/\/astralyss.fr\/index.php?rest_route=%2Fwp%2Fv2%2Fmedia&parent=344"}],"curies":[{"name":"wp","href":"https:\/\/api.w.org\/{rel}","templated":true}]}}