{"id":42,"date":"2014-06-03T18:33:13","date_gmt":"2014-06-03T16:33:13","guid":{"rendered":"http:\/\/astralyss.fr\/?page_id=42"},"modified":"2025-06-18T18:02:18","modified_gmt":"2025-06-18T16:02:18","slug":"propos","status":"publish","type":"page","link":"https:\/\/astralyss.fr\/?page_id=42","title":{"rendered":"A propos"},"content":{"rendered":"<h1><\/h1>\n<h1>Qui suis je ?<\/h1>\n<h2 style=\"text-align: center;\"><span style=\"color: #993366;\">En quelques mots, je me pr\u00e9sente<\/span><\/h2>\n<h1 style=\"text-align: center;\"><span style=\"color: #993366;\"><img loading=\"lazy\" decoding=\"async\" class=\"alignright wp-image-1888 \" src=\"http:\/\/astralyss.fr\/wp-content\/uploads\/2014\/06\/dani-aile-2020_2-223x300.jpg\" alt=\"Dani Aile \" width=\"172\" height=\"231\" \/><\/span><\/h1>\n<p>Dani Aile Samso<\/p>\n<p>Astrologue &#8211; Gu\u00e9risseuse &#8211; Magn\u00e9tiseuse &#8211; Radiesth\u00e9siste &#8211; Lectrice d&rsquo;oracles &#8211; Passeuse de lumi\u00e8re<\/p>\n<p>Pr\u00e9sidente fondatrice de l&rsquo;association Astralyss.<\/p>\n<p>D\u00e9tails sur l&rsquo;association\u00a0 :\u00a0 \u00a0\u00a0<a href=\"http:\/\/astralyss.fr\/association-astralyss\/\">http:\/\/astralyss.fr\/association-astralyss<\/a><\/p>\n<h3 style=\"text-align: justify;\"><strong><span style=\"color: #993366;\">Ma formation, mon parcours &#8230;<\/span><br \/>\n<\/strong><\/h3>\n<p style=\"text-align: justify;\">Aussi loin que remonte mon enfance, j&rsquo;ai grandi les yeux tourn\u00e9s vers les nuages, le ciel et les \u00e9toiles, fascin\u00e9e et \u00e9merveill\u00e9e par toutes les histoires anciennes et fantastiques, la mythologie, les civilisations disparues, l&rsquo;antiquit\u00e9&#8230;. Je me suis donc naturellement tourn\u00e9e vers l&rsquo;\u00e9tude des langues anciennes : latin, grec, et bien s\u00fbr la litt\u00e9rature et la philosophie.<\/p>\n<p style=\"text-align: justify;\">Puis la vie m&rsquo;a emport\u00e9e dans son tourbillon, avec quelque part log\u00e9e dans un coin de ma t\u00eate cette passion pour les myst\u00e8res cosmiques.<\/p>\n<p style=\"text-align: justify;\">En effet, l&rsquo;\u00e9tude de l&rsquo;Astrologie, mati\u00e8re non conventionnelle, n&rsquo;existe pas dans les circuits \u00e9ducatifs officiels. Je suis donc rest\u00e9e dans le circuit traditionnel : \u00e9tudes, mariage et enfants. Peu d&rsquo;originalit\u00e9, certes&#8230; Mais il faut de l&rsquo;audace et du courage pour \u00e9chapper au contexte familial et aux codes de son temps, et renverser les id\u00e9es re\u00e7ues.<\/p>\n<p style=\"text-align: justify;\">Je passe sur les activit\u00e9s professionnelles et familiales de \u00ab\u00a0Madame tout le monde\u00a0\u00bb. Toutefois mon esprit pratique et r\u00e9aliste \u00a0m&rsquo;a amen\u00e9e \u00e0 me sp\u00e9cialiser dans la gestion administrative, comptable et financi\u00e8re de l&rsquo;entreprise, dans le B\u00e2timent en particulier, et les associations sportives. J&rsquo;ai \u00e9galement une solide exp\u00e9rience de dirigeante d&rsquo;associations sportives, (30 ans) dans lesquelles les multiples contacts \u00e9changes ont toujours \u00e9t\u00e9 pour moi une source d&rsquo;\u00e9panouissement et de d\u00e9veloppement de \u00a0cette connaissance des relations humaines. Et bien s\u00fbr un m\u00e9tier de maman non n\u00e9gligeable : m\u00e8re de famille&#8230; recompos\u00e9e !<\/p>\n<p><img loading=\"lazy\" decoding=\"async\" class=\"alignnone wp-image-972 alignleft\" src=\"http:\/\/astralyss.fr\/wp-content\/uploads\/2016\/10\/femme-balance-300x293.jpeg\" alt=\"femme-balance\" width=\"202\" height=\"198\" srcset=\"https:\/\/astralyss.fr\/wp-content\/uploads\/2016\/10\/femme-balance-300x293.jpeg 300w, https:\/\/astralyss.fr\/wp-content\/uploads\/2016\/10\/femme-balance.jpeg 647w\" sizes=\"auto, (max-width: 202px) 100vw, 202px\" \/>Mais il faut reconnaitre que l&rsquo;originalit\u00e9 est difficile \u00e0 dissimuler ou \u00e0 museler. Tout au long de ces multiples exp\u00e9riences fort enrichissantes, une ligne directrice invariable a guid\u00e9 ma route : l&rsquo;exploration de l&rsquo;univers invisible et ma passion grandissante pour l&rsquo;Astrologie. En 2007, profitant de l&rsquo;opportunit\u00e9 de la fermeture de mon entreprise familiale, j&rsquo;ai enfin pu me lancer dans ce qui me tenait \u00e0 c\u0153ur : r\u00e9aliser mon r\u00eave et suivre une vraie formation d&rsquo;astrologue.<\/p>\n<p style=\"text-align: justify;\">C&rsquo;est alors que mon choix s&rsquo;est port\u00e9 vers Catherine Aubier, dont j&rsquo;avais remarqu\u00e9 la comp\u00e9tence \u00e0 travers ses publications. Je suis entr\u00e9e en formation en m&rsquo;inscrivant au Centre formation \u00e0 distance <a href=\"http:\/\/www.maison9.org\/\" target=\"_blank\" rel=\"noopener noreferrer\">Maison 9<\/a>\u00a0et\u00a0j&rsquo;ai obtenu mon dipl\u00f4me de fin d&rsquo;\u00e9tudes en 2012, avec une grande \u00e9motion !<\/p>\n<p style=\"text-align: justify;\">Guid\u00e9e par une soif d&rsquo;apprendre, la pers\u00e9v\u00e9rance, persuad\u00e9e de la n\u00e9cessit\u00e9 de me remettre en question r\u00e9guli\u00e8rement ; je continue \u00e0 sonder les myst\u00e8res de l&rsquo;univers et\u00a0 de l&rsquo;\u00e2me humaine dans une recherche perp\u00e9tuelle.<\/p>\n<p style=\"text-align: justify;\">Parall\u00e8lement j&rsquo;ai toutefois \u00e9t\u00e9 constamment guid\u00e9e vers les \u00e9nergies tout le long de mon parcours, les arts martiaux notamment \u00e0 travers la pratique du karat\u00e9, et une approche sportive \u00e9volutive m&rsquo;amenant vers des disciplines plus douces voire le Tai chi chuan, le chi gong, le yoga, ou la m\u00e9ditation&#8230;<\/p>\n<p>C&rsquo;est ainsi qu&rsquo;apr\u00e8s cette ma\u00eetrise astrologique et le contact avec le public, les \u00e9nergies se sont transform\u00e9es, mon champ vibratoire s&rsquo;est \u00e9lev\u00e9 subitement\u00a0 et j&rsquo;ai d\u00e9couvert ce cadeau qui\u00a0m&rsquo;a \u00e9t\u00e9 donn\u00e9 : le magn\u00e9tisme et la capacit\u00e9 d&rsquo;apaiser les tensions tant physiques que psychologiques.<\/p>\n<p><img loading=\"lazy\" decoding=\"async\" class=\"alignright wp-image-964\" src=\"http:\/\/astralyss.fr\/wp-content\/uploads\/2016\/09\/main-lotus-300x209.jpg\" alt=\"main lotus\" width=\"199\" height=\"139\" srcset=\"https:\/\/astralyss.fr\/wp-content\/uploads\/2016\/09\/main-lotus-300x209.jpg 300w, https:\/\/astralyss.fr\/wp-content\/uploads\/2016\/09\/main-lotus.jpg 407w\" sizes=\"auto, (max-width: 199px) 100vw, 199px\" \/>Mon v\u00e9cu, mon amour de la vie et de la nature humaine m&rsquo;ont donc amen\u00e9e sur ce chemin de th\u00e9rapeute \u00e9nerg\u00e9tique qui m&rsquo;est apparu comme une \u00e9vidence.\u00a0Pour moi chaque rencontre est une aventure passionnante et unique qui a toujours une excellente raison d&rsquo;\u00eatre, \u00e0 travers un \u00e9change enrichissant. En toute humilit\u00e9 je suis devenue\u00a0 passeuse de lumi\u00e8re et j&rsquo;ai accept\u00e9 cette mission, en harmonie avec ma vision de la beaut\u00e9, de la radiance, touch\u00e9e par la gr\u00e2ce et toutes les formes d&rsquo;expression artistiques, comme je l&rsquo;ai toujours \u00e9t\u00e9.<\/p>\n<p>J&rsquo;ai donc accept\u00e9 ce postulat de magn\u00e9tiseuse en toute confiance et s\u00e9r\u00e9nit\u00e9. \u00a0Mais j&rsquo;applique au magn\u00e9tisme la m\u00eame exigence qu&rsquo;en astrologie. Je continue \u00e0 me former \u00e0 travers un enseignement pratique, technique et m\u00e9thodologique avec pour objectif l&rsquo;efficacit\u00e9. Pour ce faire je continue mes recherches et une approche de plus en plus compl\u00e8te des maux et de leurs rem\u00e8des \u00e0 travers la radiesth\u00e9sie appliqu\u00e9e et la radionique.<\/p>\n<h3><img loading=\"lazy\" decoding=\"async\" class=\" wp-image-918 alignleft\" src=\"http:\/\/astralyss.fr\/wp-content\/uploads\/2016\/06\/LES-4-ELEMENTS-226x300.jpg\" alt=\"les 4 \u00e9l\u00e9ments\" width=\"191\" height=\"254\" srcset=\"https:\/\/astralyss.fr\/wp-content\/uploads\/2016\/06\/LES-4-ELEMENTS-226x300.jpg 226w, https:\/\/astralyss.fr\/wp-content\/uploads\/2016\/06\/LES-4-ELEMENTS.jpg 473w\" sizes=\"auto, (max-width: 191px) 100vw, 191px\" \/><span style=\"color: #993366;\">Mon signe astrologique <\/span><\/h3>\n<p>Balance ascendant scorpion. Recherche de l&rsquo;\u00e9quilibre dans une harmonisation des comp\u00e9tences et des \u00e9l\u00e9ments : l&rsquo;air, la terre,\u00a0 l&rsquo;eau et le feu. Equilibre entre le yin et le yang : V\u00e9nus \u00e0 la balance, Mars au scorpion. Equilibre en pensant de mani\u00e8re spirituelle et en\u00a0 agissant de mani\u00e8re tr\u00e8s terre-\u00e0-terre. La joie de vivre et la conviction que rien n&rsquo;est jamais acquis.<\/p>\n<h6><span style=\"color: #993366;\"><strong>Plan\u00e8tes dominantes :<\/strong>\u00a0<span style=\"color: #000000;\">Neptune et Uranus ; une vision d&rsquo;un avenir plus humain et harmonieux.<\/span><\/span><\/h6>\n<h3><\/h3>\n<h3><span style=\"color: #993366;\">Ma motivation\u00a0<\/span><\/h3>\n<p style=\"text-align: justify;\">Je souhaite apporter ma modeste participation \u00e9clair\u00e9e \u00e0 aider \u00e0 l&rsquo;accession vers une plus grande libert\u00e9, \u00e0 l&rsquo;\u00e9l\u00e9vation des esprits et la prise de conscience que nous sommes tous des \u00eatres de lumi\u00e8re dans des enveloppes physiques ancr\u00e9es \u00e0 la terre. Notre Gaia est en pleine ascension vibratoire et nous entra\u00eene vers le haut. Nous n&rsquo;avons plus le choix et nous devons accompagner cette ascension en comprenant qui nous sommes, d&rsquo;o\u00f9 nous venons et o\u00f9 nous allons.<\/p>\n<p>Aujourd&rsquo;hui, que ce soit en astrologie, qui reste mon domaine de pr\u00e9dilection, qu&rsquo;en magn\u00e9tisme, radiesth\u00e9sie, lecture d&rsquo;oracles, et tout travail sur les \u00e9nergies, je me d\u00e9finis comme une chercheuse, une passeuse, une \u00e9claireuse en route vers la lumi\u00e8re, en qu\u00eate d&rsquo;une dimension plus grande et plus digne de notre nature humaine et lumineuse.<\/p>\n<p style=\"text-align: justify;\"><em>Dani\u00e8le Samso<\/em><\/p>\n<h3><\/h3>\n<h6 style=\"text-align: left;\"><span style=\"color: #800080;\"><em>\u00a0O\u00f9 me trouver : 21 Boulevard jeanne d&rsquo;Arc \u00e0 Cuxac d&rsquo;Aude<\/em><\/span><\/h6>\n","protected":false},"excerpt":{"rendered":"<p>Qui suis je ? En quelques mots, je me pr\u00e9sente Dani Aile Samso Astrologue &#8211; Gu\u00e9risseuse &#8211; Magn\u00e9tiseuse &#8211; Radiesth\u00e9siste &#8211; Lectrice d&rsquo;oracles &#8211; Passeuse de lumi\u00e8re Pr\u00e9sidente fondatrice de l&rsquo;association Astralyss. D\u00e9tails sur l&rsquo;association\u00a0 :\u00a0 \u00a0\u00a0http:\/\/astralyss.fr\/association-astralyss Ma formation, mon parcours &#8230; Aussi loin que remonte mon enfance, j&rsquo;ai grandi les yeux tourn\u00e9s vers les [&hellip;]<\/p>\n","protected":false},"author":3,"featured_media":0,"parent":0,"menu_order":0,"comment_status":"closed","ping_status":"closed","template":"","meta":{"site-sidebar-layout":"default","site-content-layout":"","ast-site-content-layout":"default","site-content-style":"default","site-sidebar-style":"default","ast-global-header-display":"","ast-banner-title-visibility":"","ast-main-header-display":"","ast-hfb-above-header-display":"","ast-hfb-below-header-display":"","ast-hfb-mobile-header-display":"","site-post-title":"","ast-breadcrumbs-content":"","ast-featured-img":"","footer-sml-layout":"","theme-transparent-header-meta":"","adv-header-id-meta":"","stick-header-meta":"","header-above-stick-meta":"","header-main-stick-meta":"","header-below-stick-meta":"","astra-migrate-meta-layouts":"default","ast-page-background-enabled":"default","ast-page-background-meta":{"desktop":{"background-color":"var(--ast-global-color-4)","background-image":"","background-repeat":"repeat","background-position":"center center","background-size":"auto","background-attachment":"scroll","background-type":"","background-media":"","overlay-type":"","overlay-color":"","overlay-opacity":"","overlay-gradient":""},"tablet":{"background-color":"","background-image":"","background-repeat":"repeat","background-position":"center center","background-size":"auto","background-attachment":"scroll","background-type":"","background-media":"","overlay-type":"","overlay-color":"","overlay-opacity":"","overlay-gradient":""},"mobile":{"background-color":"","background-image":"","background-repeat":"repeat","background-position":"center center","background-size":"auto","background-attachment":"scroll","background-type":"","background-media":"","overlay-type":"","overlay-color":"","overlay-opacity":"","overlay-gradient":""}},"ast-content-background-meta":{"desktop":{"background-color":"var(--ast-global-color-5)","background-image":"","background-repeat":"repeat","background-position":"center center","background-size":"auto","background-attachment":"scroll","background-type":"","background-media":"","overlay-type":"","overlay-color":"","overlay-opacity":"","overlay-gradient":""},"tablet":{"background-color":"var(--ast-global-color-5)","background-image":"","background-repeat":"repeat","background-position":"center center","background-size":"auto","background-attachment":"scroll","background-type":"","background-media":"","overlay-type":"","overlay-color":"","overlay-opacity":"","overlay-gradient":""},"mobile":{"background-color":"var(--ast-global-color-5)","background-image":"","background-repeat":"repeat","background-position":"center center","background-size":"auto","background-attachment":"scroll","background-type":"","background-media":"","overlay-type":"","overlay-color":"","overlay-opacity":"","overlay-gradient":""}},"footnotes":""},"class_list":["post-42","page","type-page","status-publish","hentry"],"yoast_head":"<!-- This site is optimized with the Yoast SEO plugin v25.3.1 - https:\/\/yoast.com\/wordpress\/plugins\/seo\/ -->\n<title>A propos -<\/title>\n<meta name=\"description\" content=\"Pr\u00e9sentation de l&#039;auteur\" \/>\n<meta name=\"robots\" content=\"index, follow, max-snippet:-1, max-image-preview:large, max-video-preview:-1\" \/>\n<link rel=\"canonical\" href=\"https:\/\/astralyss.fr\/?page_id=42\" \/>\n<meta property=\"og:locale\" content=\"fr_FR\" \/>\n<meta property=\"og:type\" content=\"article\" \/>\n<meta property=\"og:title\" content=\"A propos -\" \/>\n<meta property=\"og:description\" content=\"Pr\u00e9sentation de l&#039;auteur\" \/>\n<meta property=\"og:url\" content=\"https:\/\/astralyss.fr\/?page_id=42\" \/>\n<meta property=\"article:publisher\" content=\"https:\/\/www.facebook.com\/astralyss\/\" \/>\n<meta property=\"article:modified_time\" content=\"2025-06-18T16:02:18+00:00\" \/>\n<meta property=\"og:image\" content=\"http:\/\/astralyss.fr\/wp-content\/uploads\/2014\/06\/dani-aile-2020_2-223x300.jpg\" \/>\n<meta name=\"twitter:label1\" content=\"Dur\u00e9e de lecture estim\u00e9e\" \/>\n\t<meta name=\"twitter:data1\" content=\"6 minutes\" \/>\n<script type=\"application\/ld+json\" class=\"yoast-schema-graph\">{\"@context\":\"https:\/\/schema.org\",\"@graph\":[{\"@type\":\"WebPage\",\"@id\":\"https:\/\/astralyss.fr\/?page_id=42\",\"url\":\"https:\/\/astralyss.fr\/?page_id=42\",\"name\":\"A propos -\",\"isPartOf\":{\"@id\":\"https:\/\/astralyss.fr\/#website\"},\"primaryImageOfPage\":{\"@id\":\"https:\/\/astralyss.fr\/?page_id=42#primaryimage\"},\"image\":{\"@id\":\"https:\/\/astralyss.fr\/?page_id=42#primaryimage\"},\"thumbnailUrl\":\"http:\/\/astralyss.fr\/wp-content\/uploads\/2014\/06\/dani-aile-2020_2-223x300.jpg\",\"datePublished\":\"2014-06-03T16:33:13+00:00\",\"dateModified\":\"2025-06-18T16:02:18+00:00\",\"description\":\"Pr\u00e9sentation de l'auteur\",\"breadcrumb\":{\"@id\":\"https:\/\/astralyss.fr\/?page_id=42#breadcrumb\"},\"inLanguage\":\"fr-FR\",\"potentialAction\":[{\"@type\":\"ReadAction\",\"target\":[\"https:\/\/astralyss.fr\/?page_id=42\"]}]},{\"@type\":\"ImageObject\",\"inLanguage\":\"fr-FR\",\"@id\":\"https:\/\/astralyss.fr\/?page_id=42#primaryimage\",\"url\":\"https:\/\/astralyss.fr\/wp-content\/uploads\/2014\/06\/dani-aile-2020_2-e1658007996617.jpg\",\"contentUrl\":\"https:\/\/astralyss.fr\/wp-content\/uploads\/2014\/06\/dani-aile-2020_2-e1658007996617.jpg\",\"width\":300,\"height\":403,\"caption\":\"Dani\u00e8le\"},{\"@type\":\"BreadcrumbList\",\"@id\":\"https:\/\/astralyss.fr\/?page_id=42#breadcrumb\",\"itemListElement\":[{\"@type\":\"ListItem\",\"position\":1,\"name\":\"Accueil\",\"item\":\"https:\/\/astralyss.fr\/\"},{\"@type\":\"ListItem\",\"position\":2,\"name\":\"A propos\"}]},{\"@type\":\"WebSite\",\"@id\":\"https:\/\/astralyss.fr\/#website\",\"url\":\"https:\/\/astralyss.fr\/\",\"name\":\"\",\"description\":\"L&#039;astrologie ... Pour Bien \u00catre Soi\",\"potentialAction\":[{\"@type\":\"SearchAction\",\"target\":{\"@type\":\"EntryPoint\",\"urlTemplate\":\"https:\/\/astralyss.fr\/?s={search_term_string}\"},\"query-input\":{\"@type\":\"PropertyValueSpecification\",\"valueRequired\":true,\"valueName\":\"search_term_string\"}}],\"inLanguage\":\"fr-FR\"}]}<\/script>\n<!-- \/ Yoast SEO plugin. -->","yoast_head_json":{"title":"A propos -","description":"Pr\u00e9sentation de l'auteur","robots":{"index":"index","follow":"follow","max-snippet":"max-snippet:-1","max-image-preview":"max-image-preview:large","max-video-preview":"max-video-preview:-1"},"canonical":"https:\/\/astralyss.fr\/?page_id=42","og_locale":"fr_FR","og_type":"article","og_title":"A propos -","og_description":"Pr\u00e9sentation de l'auteur","og_url":"https:\/\/astralyss.fr\/?page_id=42","article_publisher":"https:\/\/www.facebook.com\/astralyss\/","article_modified_time":"2025-06-18T16:02:18+00:00","og_image":[{"url":"http:\/\/astralyss.fr\/wp-content\/uploads\/2014\/06\/dani-aile-2020_2-223x300.jpg","type":"","width":"","height":""}],"twitter_misc":{"Dur\u00e9e de lecture estim\u00e9e":"6 minutes"},"schema":{"@context":"https:\/\/schema.org","@graph":[{"@type":"WebPage","@id":"https:\/\/astralyss.fr\/?page_id=42","url":"https:\/\/astralyss.fr\/?page_id=42","name":"A propos -","isPartOf":{"@id":"https:\/\/astralyss.fr\/#website"},"primaryImageOfPage":{"@id":"https:\/\/astralyss.fr\/?page_id=42#primaryimage"},"image":{"@id":"https:\/\/astralyss.fr\/?page_id=42#primaryimage"},"thumbnailUrl":"http:\/\/astralyss.fr\/wp-content\/uploads\/2014\/06\/dani-aile-2020_2-223x300.jpg","datePublished":"2014-06-03T16:33:13+00:00","dateModified":"2025-06-18T16:02:18+00:00","description":"Pr\u00e9sentation de l'auteur","breadcrumb":{"@id":"https:\/\/astralyss.fr\/?page_id=42#breadcrumb"},"inLanguage":"fr-FR","potentialAction":[{"@type":"ReadAction","target":["https:\/\/astralyss.fr\/?page_id=42"]}]},{"@type":"ImageObject","inLanguage":"fr-FR","@id":"https:\/\/astralyss.fr\/?page_id=42#primaryimage","url":"https:\/\/astralyss.fr\/wp-content\/uploads\/2014\/06\/dani-aile-2020_2-e1658007996617.jpg","contentUrl":"https:\/\/astralyss.fr\/wp-content\/uploads\/2014\/06\/dani-aile-2020_2-e1658007996617.jpg","width":300,"height":403,"caption":"Dani\u00e8le"},{"@type":"BreadcrumbList","@id":"https:\/\/astralyss.fr\/?page_id=42#breadcrumb","itemListElement":[{"@type":"ListItem","position":1,"name":"Accueil","item":"https:\/\/astralyss.fr\/"},{"@type":"ListItem","position":2,"name":"A propos"}]},{"@type":"WebSite","@id":"https:\/\/astralyss.fr\/#website","url":"https:\/\/astralyss.fr\/","name":"","description":"L&#039;astrologie ... Pour Bien \u00catre Soi","potentialAction":[{"@type":"SearchAction","target":{"@type":"EntryPoint","urlTemplate":"https:\/\/astralyss.fr\/?s={search_term_string}"},"query-input":{"@type":"PropertyValueSpecification","valueRequired":true,"valueName":"search_term_string"}}],"inLanguage":"fr-FR"}]}},"_links":{"self":[{"href":"https:\/\/astralyss.fr\/index.php?rest_route=\/wp\/v2\/pages\/42","targetHints":{"allow":["GET"]}}],"collection":[{"href":"https:\/\/astralyss.fr\/index.php?rest_route=\/wp\/v2\/pages"}],"about":[{"href":"https:\/\/astralyss.fr\/index.php?rest_route=\/wp\/v2\/types\/page"}],"author":[{"embeddable":true,"href":"https:\/\/astralyss.fr\/index.php?rest_route=\/wp\/v2\/users\/3"}],"replies":[{"embeddable":true,"href":"https:\/\/astralyss.fr\/index.php?rest_route=%2Fwp%2Fv2%2Fcomments&post=42"}],"version-history":[{"count":39,"href":"https:\/\/astralyss.fr\/index.php?rest_route=\/wp\/v2\/pages\/42\/revisions"}],"predecessor-version":[{"id":2120,"href":"https:\/\/astralyss.fr\/index.php?rest_route=\/wp\/v2\/pages\/42\/revisions\/2120"}],"wp:attachment":[{"href":"https:\/\/astralyss.fr\/index.php?rest_route=%2Fwp%2Fv2%2Fmedia&parent=42"}],"curies":[{"name":"wp","href":"https:\/\/api.w.org\/{rel}","templated":true}]}}