{"id":51,"date":"2014-06-03T19:05:12","date_gmt":"2014-06-03T17:05:12","guid":{"rendered":"http:\/\/astralyss.fr\/?page_id=51"},"modified":"2017-08-18T15:55:05","modified_gmt":"2017-08-18T13:55:05","slug":"politique-confidentialite","status":"publish","type":"page","link":"https:\/\/astralyss.fr\/?page_id=51","title":{"rendered":"Politique de Confidentialit\u00e9"},"content":{"rendered":"<p>Vos donn\u00e9es personnelles sont conserv\u00e9es de mani\u00e8re confidentielles et ne sont ni c\u00e9d\u00e9es ni vendues \u00e0 des tiers.<\/p>\n<p>Tous les emails envoy\u00e9s contiennent un lien qui permet de ne plus recevoir de correspondance.<\/p>\n<p>Les donn\u00e9es sont g\u00e9r\u00e9es et stock\u00e9es par MailChimp, The Rocket Science Group, LLC, en parfaite conformit\u00e9 avec la l\u00e9gislation europ\u00e9enne en vigueur.<\/p>\n<p>Vous disposez d\u2019un droit d\u2019acc\u00e8s, de modification et de suppression des donn\u00e9es vous concernant. Vous pouvez exercer ce droit en contactant l\u2019\u00e9diteur par mail.<\/p>\n<p>Comme outil de statistiques, ce site utilise notamment Google Analytics. Il est impos\u00e9 aux sites utilisant ce service de mentionner un texte type pour les visiteurs, texte qui est ins\u00e9r\u00e9 dans le paragraphe suivant et entre des guillemets :<\/p>\n<p>\u00ab\u00a0Ce site utilise Google Analytics, un service d\u2019analyse de site internet fourni par Google Inc. ( \u00ab\u00a0Google\u00a0\u00bb ). Google Analytics utilise des cookies,\u00a0 qui sont des fichiers texte plac\u00e9s sur votre ordinateur, pour aider le site internet \u00e0 analyser l\u2019utilisation du site par ses utilisateurs. Les donn\u00e9es g\u00e9n\u00e9r\u00e9es par les cookies concernant votre utilisation du site (y compris votre adresse IP) seront transmises et stock\u00e9es par Google sur des serveurs situ\u00e9s aux Etats-Unis. Google utilisera cette information dans le but d\u2019\u00e9valuer votre utilisation du site, de compiler des rapports sur l\u2019activit\u00e9 du site \u00e0 destination de son \u00e9diteur et de fournir d\u2019autres services relatifs \u00e0 l\u2019activit\u00e9 du site et \u00e0 l\u2019utilisation d\u2019Internet. Google est susceptible de communiquer ces donn\u00e9es \u00e0 des tiers en cas d\u2019obligation l\u00e9gale ou lorsque ces tiers traitent ces donn\u00e9es pour le compte de Google, y compris notamment l\u2019\u00e9diteur de ce site. Google ne recoupera pas votre adresse IP avec toute autre donn\u00e9e d\u00e9tenue par Google. Vous pouvez d\u00e9sactiver l\u2019utilisation de cookies en s\u00e9lectionnant les param\u00e8tres appropri\u00e9s de votre navigateur. Cependant, une telle d\u00e9sactivation pourrait emp\u00eacher l\u2019utilisation de certaines fonctionnalit\u00e9s de ce site. En utilisant ce site internet, vous consentez express\u00e9ment au traitement de vos donn\u00e9es nominatives par Google dans les conditions et pour les finalit\u00e9s d\u00e9crites ci-dessus.\u00a0\u00bb<\/p>\n<p>Le site www.astralyss.fr est h\u00e9berg\u00e9 par la SAS OVH, 140 Quai du Sartel, 59100 Roubaix.<\/p>\n<p>Toute information nominative contenue sur ce site peut faire l\u2019objet d\u2019un droit d\u2019acc\u00e8s et de rectification par courrier \u00e9lectronique envoy\u00e9\u00a0 par mail. Vous pouvez \u00e9galement utiliser <strong><a href=\"http:\/\/astralyss.fr\/contact\/\">cette adresse de courrier \u00e9lectronique<\/a> <\/strong>pour toute r\u00e9clamation sur le contenu de ce site ou pour demander \u00e0 exercer un droit de r\u00e9ponse.<\/p>\n<p>Le site et son contenu sont prot\u00e9g\u00e9s par les normes nationales et internationales en vigueur, notamment celles relatives \u00e0 la propri\u00e9t\u00e9 intellectuelle. Il est interdit de reproduire, pour un usage autre que priv\u00e9, sous quelque forme que ce soit, les donn\u00e9es, la pr\u00e9sentation ou l\u2019organisation du site et\/ou les oeuvres prot\u00e9g\u00e9es par le droit d\u2019auteur qui figurent sur le pr\u00e9sent site sans autorisation \u00e9crite pr\u00e9alable.<\/p>\n<p>Il est interdit de recueillir ou de faire utilisation des donn\u00e9es personnelles pr\u00e9sentes sur ce site.<\/p>\n<p>Il est conseill\u00e9 de se r\u00e9f\u00e9rer r\u00e9guli\u00e8rement \u00e0 la pr\u00e9sente page, qui est susceptible d\u2019\u00e9volution.<\/p>\n","protected":false},"excerpt":{"rendered":"<p>Vos donn\u00e9es personnelles sont conserv\u00e9es de mani\u00e8re confidentielles et ne sont ni c\u00e9d\u00e9es ni vendues \u00e0 des tiers. Tous les emails envoy\u00e9s contiennent un lien qui permet de ne plus recevoir de correspondance. Les donn\u00e9es sont g\u00e9r\u00e9es et stock\u00e9es par MailChimp, The Rocket Science Group, LLC, en parfaite conformit\u00e9 avec la l\u00e9gislation europ\u00e9enne en vigueur. [&hellip;]<\/p>\n","protected":false},"author":3,"featured_media":0,"parent":0,"menu_order":0,"comment_status":"closed","ping_status":"closed","template":"","meta":{"site-sidebar-layout":"default","site-content-layout":"","ast-site-content-layout":"default","site-content-style":"default","site-sidebar-style":"default","ast-global-header-display":"","ast-banner-title-visibility":"","ast-main-header-display":"","ast-hfb-above-header-display":"","ast-hfb-below-header-display":"","ast-hfb-mobile-header-display":"","site-post-title":"","ast-breadcrumbs-content":"","ast-featured-img":"","footer-sml-layout":"","theme-transparent-header-meta":"","adv-header-id-meta":"","stick-header-meta":"","header-above-stick-meta":"","header-main-stick-meta":"","header-below-stick-meta":"","astra-migrate-meta-layouts":"default","ast-page-background-enabled":"default","ast-page-background-meta":{"desktop":{"background-color":"var(--ast-global-color-4)","background-image":"","background-repeat":"repeat","background-position":"center center","background-size":"auto","background-attachment":"scroll","background-type":"","background-media":"","overlay-type":"","overlay-color":"","overlay-opacity":"","overlay-gradient":""},"tablet":{"background-color":"","background-image":"","background-repeat":"repeat","background-position":"center center","background-size":"auto","background-attachment":"scroll","background-type":"","background-media":"","overlay-type":"","overlay-color":"","overlay-opacity":"","overlay-gradient":""},"mobile":{"background-color":"","background-image":"","background-repeat":"repeat","background-position":"center center","background-size":"auto","background-attachment":"scroll","background-type":"","background-media":"","overlay-type":"","overlay-color":"","overlay-opacity":"","overlay-gradient":""}},"ast-content-background-meta":{"desktop":{"background-color":"var(--ast-global-color-5)","background-image":"","background-repeat":"repeat","background-position":"center center","background-size":"auto","background-attachment":"scroll","background-type":"","background-media":"","overlay-type":"","overlay-color":"","overlay-opacity":"","overlay-gradient":""},"tablet":{"background-color":"var(--ast-global-color-5)","background-image":"","background-repeat":"repeat","background-position":"center center","background-size":"auto","background-attachment":"scroll","background-type":"","background-media":"","overlay-type":"","overlay-color":"","overlay-opacity":"","overlay-gradient":""},"mobile":{"background-color":"var(--ast-global-color-5)","background-image":"","background-repeat":"repeat","background-position":"center center","background-size":"auto","background-attachment":"scroll","background-type":"","background-media":"","overlay-type":"","overlay-color":"","overlay-opacity":"","overlay-gradient":""}},"footnotes":""},"class_list":["post-51","page","type-page","status-publish","hentry"],"yoast_head":"<!-- This site is optimized with the Yoast SEO plugin v25.3.1 - https:\/\/yoast.com\/wordpress\/plugins\/seo\/ -->\n<title>Politique de Confidentialit\u00e9 -<\/title>\n<meta name=\"robots\" content=\"index, follow, max-snippet:-1, max-image-preview:large, max-video-preview:-1\" \/>\n<link rel=\"canonical\" href=\"https:\/\/astralyss.fr\/?page_id=51\" \/>\n<meta property=\"og:locale\" content=\"fr_FR\" \/>\n<meta property=\"og:type\" content=\"article\" \/>\n<meta property=\"og:title\" content=\"Politique de Confidentialit\u00e9 -\" \/>\n<meta property=\"og:description\" content=\"Vos donn\u00e9es personnelles sont conserv\u00e9es de mani\u00e8re confidentielles et ne sont ni c\u00e9d\u00e9es ni vendues \u00e0 des tiers. Tous les emails envoy\u00e9s contiennent un lien qui permet de ne plus recevoir de correspondance. Les donn\u00e9es sont g\u00e9r\u00e9es et stock\u00e9es par MailChimp, The Rocket Science Group, LLC, en parfaite conformit\u00e9 avec la l\u00e9gislation europ\u00e9enne en vigueur. [&hellip;]\" \/>\n<meta property=\"og:url\" content=\"https:\/\/astralyss.fr\/?page_id=51\" \/>\n<meta property=\"article:publisher\" content=\"https:\/\/www.facebook.com\/astralyss\/\" \/>\n<meta property=\"article:modified_time\" content=\"2017-08-18T13:55:05+00:00\" \/>\n<meta name=\"twitter:label1\" content=\"Dur\u00e9e de lecture estim\u00e9e\" \/>\n\t<meta name=\"twitter:data1\" content=\"3 minutes\" \/>\n<script type=\"application\/ld+json\" class=\"yoast-schema-graph\">{\"@context\":\"https:\/\/schema.org\",\"@graph\":[{\"@type\":\"WebPage\",\"@id\":\"https:\/\/astralyss.fr\/?page_id=51\",\"url\":\"https:\/\/astralyss.fr\/?page_id=51\",\"name\":\"Politique de Confidentialit\u00e9 -\",\"isPartOf\":{\"@id\":\"https:\/\/astralyss.fr\/#website\"},\"datePublished\":\"2014-06-03T17:05:12+00:00\",\"dateModified\":\"2017-08-18T13:55:05+00:00\",\"breadcrumb\":{\"@id\":\"https:\/\/astralyss.fr\/?page_id=51#breadcrumb\"},\"inLanguage\":\"fr-FR\",\"potentialAction\":[{\"@type\":\"ReadAction\",\"target\":[\"https:\/\/astralyss.fr\/?page_id=51\"]}]},{\"@type\":\"BreadcrumbList\",\"@id\":\"https:\/\/astralyss.fr\/?page_id=51#breadcrumb\",\"itemListElement\":[{\"@type\":\"ListItem\",\"position\":1,\"name\":\"Accueil\",\"item\":\"https:\/\/astralyss.fr\/\"},{\"@type\":\"ListItem\",\"position\":2,\"name\":\"Politique de Confidentialit\u00e9\"}]},{\"@type\":\"WebSite\",\"@id\":\"https:\/\/astralyss.fr\/#website\",\"url\":\"https:\/\/astralyss.fr\/\",\"name\":\"\",\"description\":\"L&#039;astrologie ... Pour Bien \u00catre Soi\",\"potentialAction\":[{\"@type\":\"SearchAction\",\"target\":{\"@type\":\"EntryPoint\",\"urlTemplate\":\"https:\/\/astralyss.fr\/?s={search_term_string}\"},\"query-input\":{\"@type\":\"PropertyValueSpecification\",\"valueRequired\":true,\"valueName\":\"search_term_string\"}}],\"inLanguage\":\"fr-FR\"}]}<\/script>\n<!-- \/ Yoast SEO plugin. -->","yoast_head_json":{"title":"Politique de Confidentialit\u00e9 -","robots":{"index":"index","follow":"follow","max-snippet":"max-snippet:-1","max-image-preview":"max-image-preview:large","max-video-preview":"max-video-preview:-1"},"canonical":"https:\/\/astralyss.fr\/?page_id=51","og_locale":"fr_FR","og_type":"article","og_title":"Politique de Confidentialit\u00e9 -","og_description":"Vos donn\u00e9es personnelles sont conserv\u00e9es de mani\u00e8re confidentielles et ne sont ni c\u00e9d\u00e9es ni vendues \u00e0 des tiers. Tous les emails envoy\u00e9s contiennent un lien qui permet de ne plus recevoir de correspondance. Les donn\u00e9es sont g\u00e9r\u00e9es et stock\u00e9es par MailChimp, The Rocket Science Group, LLC, en parfaite conformit\u00e9 avec la l\u00e9gislation europ\u00e9enne en vigueur. [&hellip;]","og_url":"https:\/\/astralyss.fr\/?page_id=51","article_publisher":"https:\/\/www.facebook.com\/astralyss\/","article_modified_time":"2017-08-18T13:55:05+00:00","twitter_misc":{"Dur\u00e9e de lecture estim\u00e9e":"3 minutes"},"schema":{"@context":"https:\/\/schema.org","@graph":[{"@type":"WebPage","@id":"https:\/\/astralyss.fr\/?page_id=51","url":"https:\/\/astralyss.fr\/?page_id=51","name":"Politique de Confidentialit\u00e9 -","isPartOf":{"@id":"https:\/\/astralyss.fr\/#website"},"datePublished":"2014-06-03T17:05:12+00:00","dateModified":"2017-08-18T13:55:05+00:00","breadcrumb":{"@id":"https:\/\/astralyss.fr\/?page_id=51#breadcrumb"},"inLanguage":"fr-FR","potentialAction":[{"@type":"ReadAction","target":["https:\/\/astralyss.fr\/?page_id=51"]}]},{"@type":"BreadcrumbList","@id":"https:\/\/astralyss.fr\/?page_id=51#breadcrumb","itemListElement":[{"@type":"ListItem","position":1,"name":"Accueil","item":"https:\/\/astralyss.fr\/"},{"@type":"ListItem","position":2,"name":"Politique de Confidentialit\u00e9"}]},{"@type":"WebSite","@id":"https:\/\/astralyss.fr\/#website","url":"https:\/\/astralyss.fr\/","name":"","description":"L&#039;astrologie ... Pour Bien \u00catre Soi","potentialAction":[{"@type":"SearchAction","target":{"@type":"EntryPoint","urlTemplate":"https:\/\/astralyss.fr\/?s={search_term_string}"},"query-input":{"@type":"PropertyValueSpecification","valueRequired":true,"valueName":"search_term_string"}}],"inLanguage":"fr-FR"}]}},"_links":{"self":[{"href":"https:\/\/astralyss.fr\/index.php?rest_route=\/wp\/v2\/pages\/51","targetHints":{"allow":["GET"]}}],"collection":[{"href":"https:\/\/astralyss.fr\/index.php?rest_route=\/wp\/v2\/pages"}],"about":[{"href":"https:\/\/astralyss.fr\/index.php?rest_route=\/wp\/v2\/types\/page"}],"author":[{"embeddable":true,"href":"https:\/\/astralyss.fr\/index.php?rest_route=\/wp\/v2\/users\/3"}],"replies":[{"embeddable":true,"href":"https:\/\/astralyss.fr\/index.php?rest_route=%2Fwp%2Fv2%2Fcomments&post=51"}],"version-history":[{"count":1,"href":"https:\/\/astralyss.fr\/index.php?rest_route=\/wp\/v2\/pages\/51\/revisions"}],"predecessor-version":[{"id":1267,"href":"https:\/\/astralyss.fr\/index.php?rest_route=\/wp\/v2\/pages\/51\/revisions\/1267"}],"wp:attachment":[{"href":"https:\/\/astralyss.fr\/index.php?rest_route=%2Fwp%2Fv2%2Fmedia&parent=51"}],"curies":[{"name":"wp","href":"https:\/\/api.w.org\/{rel}","templated":true}]}}