{"id":776,"date":"2016-03-28T17:16:29","date_gmt":"2016-03-28T15:16:29","guid":{"rendered":"http:\/\/astralyss.fr\/?page_id=776"},"modified":"2022-07-25T18:22:14","modified_gmt":"2022-07-25T16:22:14","slug":"livre-dor","status":"publish","type":"page","link":"https:\/\/astralyss.fr\/?page_id=776","title":{"rendered":"Livre d&rsquo;or"},"content":{"rendered":"\n<h6 class=\"wp-block-heading\">&nbsp;<\/h6>\n\n\n\n<h5 class=\"wp-block-heading\"><span style=\"color: #000080;\">Vous \u00eates nombreux \u00e0 m&rsquo;avoir accord\u00e9 votre confiance<\/span>. Aussi je vous invite \u00e0 prendre la parole pour exprimer vos sentiments, donner votre avis et votre ressenti, sur ce que notre \u00e9change a apport\u00e9 dans &nbsp;votre vie. <\/h5>\n\n\n\n<h5 class=\"wp-block-heading\">Je remercie tous ceux qui ont pris la peine de le faire,&nbsp;et tous ceux qui se lanceront dans cette affaire&#8230;..  Sachant qu&rsquo;il peut para\u00eetre p\u00e9rilleux d&rsquo;\u00e9crire ce que l&rsquo;on a \u00e0 dire&#8230; Mais en communication, il est souvent bon d&rsquo;entendre ce qui doit \u00eatre dit !<\/h5>\n\n\n\n<h5 class=\"wp-block-heading\"><span style=\"color: #000080;\">Alors \u00e0 vos plumes pour votre avis&#8230;.<\/span><\/h5>\n\n\n\n<p><\/p>\n\n\n<p>En 2012, quand Dany a cr\u00e9\u00e9 les premiers Caf\u00e9s-Astro \u00e0 Salles d&rsquo;Aude, je m&rsquo;y suis inscrite par curiosit\u00e9. Puis je lui ai fait faire mon th\u00e8me astral, et la consultation m&rsquo;a convaincue de continuer car je m&rsquo;y suis compl\u00e8tement reconnue. Je l&rsquo;ai suivie ainsi pendant 3 saisons \u00e0 ses cours et ateliers.<br \/>\nLes cours d&rsquo;astrologie sont captivants gr\u00e2ce \u00e0 la culture g\u00e9n\u00e9rale de Dany et ses connaissances sur l&rsquo;histoire de la science des anciens, la cosmographie, les aspects plan\u00e9taires, la symbolique des plan\u00e8tes etc&#8230; Mais aussi, elle nous entra\u00eene au del\u00e0 des cours pour un voyage \u00e0 travers l&rsquo;histoire, la psychologie, des anecdotes, des lectures pleines de sagesse comme par exemple \u00ab\u00a0Les 4 accords tolt\u00e8ques\u00a0\u00bb que j&rsquo;essaie de mettre en pratique. J&rsquo;ai ador\u00e9 les \u00e9changes, la convivialit\u00e9, ces apr\u00e8s midi studieux et r\u00e9jouissants m&rsquo;ont permis de me remettre en question sur mes convictions et d&rsquo;\u00e9largir ma vision du monde qui m&rsquo;entoure !&#8230;<br \/>\nRen\u00e9e<\/p>\n<p>Merci Dani\u00e8le,<br \/>\nPour toi les Astres n&rsquo;ont aucun secret. Tu es une astrologue tr\u00e8s comp\u00e9tente qui vient guider nos pas pour que nous puissions anticiper notre avenir.<br \/>\nTu communiques tes meilleurs conseils gr\u00e2ce \u00e0 ton honn\u00eatet\u00e9, ton \u00e9coute et \u00e0 ton \u00e9nergie d\u00e9bordante.<br \/>\nTu as vraiment \u00e9clair\u00e9 ma lanterne.<br \/>\nMarie Jo<\/p>\n<p>Astro-prof d\u00e9licate, ouverte et lumineuse (normal puisque Dany a toujours la t\u00eate dans les \u00e9toiles).<br \/>\nD&rsquo;une grande comp\u00e9tence professionnelle, elle&nbsp; transmet son savoir avec douceur et gentillesse,en se mettant \u00e0 la port\u00e9e des d\u00e9butants ce qui est un vrai cadeau. Merci de m&rsquo;offrir cette fabuleuse (re)connexion avec les astres, m&rsquo;apportant ainsi un autre regard sur la vie.<br \/>\nNicole<\/p>\n<p>\u00e0 \u00ab\u00a0l&rsquo;As &#8211; Trop\u00a0\u00bb<br \/>\nAvec Dani\u00e8le c&rsquo;est simple car on ne peut pas qu&rsquo;\u00eatre \u00e9clair\u00e9, mais plut\u00f4t transport\u00e9&#8230;ailleurs, compte tenu de sa classe, et de son savoir sur le sujet astrologique, autant que sur d&rsquo;autres aussi ! Ce n&rsquo;est pas qu&rsquo;une femme sensible, mais une \u00e9toile qui vient nous illuminer. Je remercie le destin&#8230; sinon les astres de l&rsquo;avoir crois\u00e9e un beau jour et lui dire :<br \/>\n\u00ab\u00a0un grand merci \u00e0 toi et je sais qu&rsquo;\u00e0 mon \u00e2ge, \u00eatre un \u00eatre lib\u00e9r\u00e9&#8230;c&rsquo;est pas si facile ! \u00ab\u00a0<br \/>\nJacques<\/p>\n<p>J&rsquo;ai fait faire le th\u00e8me astral de mes filles \u00e2g\u00e9es de 1 et 15 ans par Dani\u00e8le en 2014. Tout ce qu&rsquo;elle m&rsquo;a dit se v\u00e9rifie dans le temps au niveau de leur caract\u00e8re et de l&rsquo;\u00e9volution de leur personnalit\u00e9. Son \u00e9tude des 2 th\u00e8mes m&rsquo;a beaucoup \u00e9clair\u00e9e et m&rsquo;aide \u00e0 les comprendre, donc \u00e0 les soutenir dans leurs difficult\u00e9s, \u00e0 les pousser aussi \u00e0 se r\u00e9aliser avec leur potentiel.<br \/>\nGa\u00eblle<\/p>\n<p>Un grand Merci \u00e0 Dani\u00e8le qui, gr\u00e2ce \u00e0 ses comp\u00e9tences sait nous conseiller et nous \u00e9clairer sur la fa\u00e7on de prendre les choses,&nbsp; comment mener sa barque, en \u00e9tant guid\u00e9 par les astres et la radiesth\u00e9sie.<br \/>\nUn vrai soutien quand tout para\u00eet trop confus.<br \/>\nDe plus elle poursuit sa qu\u00eate du savoir, ce qui fait qu&rsquo;elle ne peut que s&rsquo;am\u00e9liorer&#8230; encore &#x1f60a;<br \/>\nC\u00e9cile<\/p>\n<p>Merci Dany,<br \/>\nPour ton professionnalisme et ta proximit\u00e9 car je me suis sentie vraiment en confiance avec toi.<br \/>\nD\u00e9j\u00e0 satisfaite de tes prestations en astrologie qui m&rsquo;ont aid\u00e9es, je suis enchant\u00e9e de ma s\u00e9ance de magn\u00e9tisme.<br \/>\nTu n&rsquo;as m\u00e9nag\u00e9 ni ton temps ni ton \u00e9nergie et je suis repartie toute neuve et compl\u00e8tement recharg\u00e9e.<br \/>\nJ&rsquo;ai dormi comme un b\u00e9b\u00e9 et je me sens tr\u00e8s bien. Mes douleurs ont disparu !!!!<br \/>\nMerci encore, je renouvellerai ce soin car c&rsquo;\u00e9tait le nirvana !<br \/>\n\u00c0 bient\u00f4t j&rsquo;esp\u00e8re.<br \/>\nMarie Jo<\/p>\n<p>Depuis notre rencontre qui n&rsquo;a jamais \u00e9tait le fruit du hasard, Dani\u00e8le, la licorne de Narbonne, a su \u00e0 travers mon th\u00e8me astral me donner la direction.<br \/>\nNous doutons des chemins \u00e0 prendre, nous avons peur de l&rsquo;inconnu&#8230;Dani\u00e8le gr\u00e2ce \u00e0 ses connaissances et sa bienveillance nous ouvre la porte des \u00e9toiles pour comprendre notre destin\u00e9e. Les licornes sont les petits guides que M\u00e8re Nature nous a mis sur notre parcours.<br \/>\nMerci \u00e0 toi Dani\u00e8le.<br \/>\nPascale<\/p>\n\n\n\n<p><\/p>\n","protected":false},"excerpt":{"rendered":"<p>&nbsp; Vous \u00eates nombreux \u00e0 m&rsquo;avoir accord\u00e9 votre confiance. Aussi je vous invite \u00e0 prendre la parole pour exprimer vos sentiments, donner votre avis et votre ressenti, sur ce que notre \u00e9change a apport\u00e9 dans &nbsp;votre vie. Je remercie tous ceux qui ont pris la peine de le faire,&nbsp;et tous ceux qui se lanceront dans [&hellip;]<\/p>\n","protected":false},"author":2,"featured_media":2079,"parent":0,"menu_order":0,"comment_status":"closed","ping_status":"closed","template":"","meta":{"site-sidebar-layout":"default","site-content-layout":"","ast-site-content-layout":"default","site-content-style":"default","site-sidebar-style":"default","ast-global-header-display":"","ast-banner-title-visibility":"","ast-main-header-display":"","ast-hfb-above-header-display":"","ast-hfb-below-header-display":"","ast-hfb-mobile-header-display":"","site-post-title":"","ast-breadcrumbs-content":"","ast-featured-img":"","footer-sml-layout":"","theme-transparent-header-meta":"","adv-header-id-meta":"","stick-header-meta":"","header-above-stick-meta":"","header-main-stick-meta":"","header-below-stick-meta":"","astra-migrate-meta-layouts":"default","ast-page-background-enabled":"default","ast-page-background-meta":{"desktop":{"background-color":"var(--ast-global-color-4)","background-image":"","background-repeat":"repeat","background-position":"center center","background-size":"auto","background-attachment":"scroll","background-type":"","background-media":"","overlay-type":"","overlay-color":"","overlay-opacity":"","overlay-gradient":""},"tablet":{"background-color":"","background-image":"","background-repeat":"repeat","background-position":"center center","background-size":"auto","background-attachment":"scroll","background-type":"","background-media":"","overlay-type":"","overlay-color":"","overlay-opacity":"","overlay-gradient":""},"mobile":{"background-color":"","background-image":"","background-repeat":"repeat","background-position":"center center","background-size":"auto","background-attachment":"scroll","background-type":"","background-media":"","overlay-type":"","overlay-color":"","overlay-opacity":"","overlay-gradient":""}},"ast-content-background-meta":{"desktop":{"background-color":"var(--ast-global-color-5)","background-image":"","background-repeat":"repeat","background-position":"center center","background-size":"auto","background-attachment":"scroll","background-type":"","background-media":"","overlay-type":"","overlay-color":"","overlay-opacity":"","overlay-gradient":""},"tablet":{"background-color":"var(--ast-global-color-5)","background-image":"","background-repeat":"repeat","background-position":"center center","background-size":"auto","background-attachment":"scroll","background-type":"","background-media":"","overlay-type":"","overlay-color":"","overlay-opacity":"","overlay-gradient":""},"mobile":{"background-color":"var(--ast-global-color-5)","background-image":"","background-repeat":"repeat","background-position":"center center","background-size":"auto","background-attachment":"scroll","background-type":"","background-media":"","overlay-type":"","overlay-color":"","overlay-opacity":"","overlay-gradient":""}},"footnotes":""},"class_list":["post-776","page","type-page","status-publish","has-post-thumbnail","hentry"],"yoast_head":"<!-- This site is optimized with the Yoast SEO plugin v25.3.1 - https:\/\/yoast.com\/wordpress\/plugins\/seo\/ -->\n<title>Livre d&#039;or -<\/title>\n<meta name=\"description\" content=\"Vous \u00eates nombreux \u00e0 m&#039;avoir accord\u00e9 votre confiance. Si vous souhaitez en t\u00e9moigner, le livre d&#039;or d&#039;Astralyss est l\u00e0 pour vous. Merci.\" \/>\n<meta name=\"robots\" content=\"index, follow, max-snippet:-1, max-image-preview:large, max-video-preview:-1\" \/>\n<link rel=\"canonical\" href=\"https:\/\/astralyss.fr\/?page_id=776\" \/>\n<meta property=\"og:locale\" content=\"fr_FR\" \/>\n<meta property=\"og:type\" content=\"article\" \/>\n<meta property=\"og:title\" content=\"Livre d&#039;or -\" \/>\n<meta property=\"og:description\" content=\"Vous \u00eates nombreux \u00e0 m&#039;avoir accord\u00e9 votre confiance. Si vous souhaitez en t\u00e9moigner, le livre d&#039;or d&#039;Astralyss est l\u00e0 pour vous. Merci.\" \/>\n<meta property=\"og:url\" content=\"https:\/\/astralyss.fr\/?page_id=776\" \/>\n<meta property=\"article:publisher\" content=\"https:\/\/www.facebook.com\/astralyss\/\" \/>\n<meta property=\"article:modified_time\" content=\"2022-07-25T16:22:14+00:00\" \/>\n<meta property=\"og:image\" content=\"https:\/\/astralyss.fr\/wp-content\/uploads\/2022\/07\/Plume.jpg\" \/>\n\t<meta property=\"og:image:width\" content=\"1300\" \/>\n\t<meta property=\"og:image:height\" content=\"876\" \/>\n\t<meta property=\"og:image:type\" content=\"image\/jpeg\" \/>\n<meta name=\"twitter:label1\" content=\"Dur\u00e9e de lecture estim\u00e9e\" \/>\n\t<meta name=\"twitter:data1\" content=\"4 minutes\" \/>\n<script type=\"application\/ld+json\" class=\"yoast-schema-graph\">{\"@context\":\"https:\/\/schema.org\",\"@graph\":[{\"@type\":\"WebPage\",\"@id\":\"https:\/\/astralyss.fr\/?page_id=776\",\"url\":\"https:\/\/astralyss.fr\/?page_id=776\",\"name\":\"Livre d'or -\",\"isPartOf\":{\"@id\":\"https:\/\/astralyss.fr\/#website\"},\"primaryImageOfPage\":{\"@id\":\"https:\/\/astralyss.fr\/?page_id=776#primaryimage\"},\"image\":{\"@id\":\"https:\/\/astralyss.fr\/?page_id=776#primaryimage\"},\"thumbnailUrl\":\"https:\/\/astralyss.fr\/wp-content\/uploads\/2022\/07\/Plume.jpg\",\"datePublished\":\"2016-03-28T15:16:29+00:00\",\"dateModified\":\"2022-07-25T16:22:14+00:00\",\"description\":\"Vous \u00eates nombreux \u00e0 m'avoir accord\u00e9 votre confiance. Si vous souhaitez en t\u00e9moigner, le livre d'or d'Astralyss est l\u00e0 pour vous. Merci.\",\"breadcrumb\":{\"@id\":\"https:\/\/astralyss.fr\/?page_id=776#breadcrumb\"},\"inLanguage\":\"fr-FR\",\"potentialAction\":[{\"@type\":\"ReadAction\",\"target\":[\"https:\/\/astralyss.fr\/?page_id=776\"]}]},{\"@type\":\"ImageObject\",\"inLanguage\":\"fr-FR\",\"@id\":\"https:\/\/astralyss.fr\/?page_id=776#primaryimage\",\"url\":\"https:\/\/astralyss.fr\/wp-content\/uploads\/2022\/07\/Plume.jpg\",\"contentUrl\":\"https:\/\/astralyss.fr\/wp-content\/uploads\/2022\/07\/Plume.jpg\",\"width\":1300,\"height\":876,\"caption\":\"Livre d'or\"},{\"@type\":\"BreadcrumbList\",\"@id\":\"https:\/\/astralyss.fr\/?page_id=776#breadcrumb\",\"itemListElement\":[{\"@type\":\"ListItem\",\"position\":1,\"name\":\"Accueil\",\"item\":\"https:\/\/astralyss.fr\/\"},{\"@type\":\"ListItem\",\"position\":2,\"name\":\"Livre d&rsquo;or\"}]},{\"@type\":\"WebSite\",\"@id\":\"https:\/\/astralyss.fr\/#website\",\"url\":\"https:\/\/astralyss.fr\/\",\"name\":\"\",\"description\":\"L&#039;astrologie ... Pour Bien \u00catre Soi\",\"potentialAction\":[{\"@type\":\"SearchAction\",\"target\":{\"@type\":\"EntryPoint\",\"urlTemplate\":\"https:\/\/astralyss.fr\/?s={search_term_string}\"},\"query-input\":{\"@type\":\"PropertyValueSpecification\",\"valueRequired\":true,\"valueName\":\"search_term_string\"}}],\"inLanguage\":\"fr-FR\"}]}<\/script>\n<!-- \/ Yoast SEO plugin. -->","yoast_head_json":{"title":"Livre d'or -","description":"Vous \u00eates nombreux \u00e0 m'avoir accord\u00e9 votre confiance. Si vous souhaitez en t\u00e9moigner, le livre d'or d'Astralyss est l\u00e0 pour vous. Merci.","robots":{"index":"index","follow":"follow","max-snippet":"max-snippet:-1","max-image-preview":"max-image-preview:large","max-video-preview":"max-video-preview:-1"},"canonical":"https:\/\/astralyss.fr\/?page_id=776","og_locale":"fr_FR","og_type":"article","og_title":"Livre d'or -","og_description":"Vous \u00eates nombreux \u00e0 m'avoir accord\u00e9 votre confiance. Si vous souhaitez en t\u00e9moigner, le livre d'or d'Astralyss est l\u00e0 pour vous. Merci.","og_url":"https:\/\/astralyss.fr\/?page_id=776","article_publisher":"https:\/\/www.facebook.com\/astralyss\/","article_modified_time":"2022-07-25T16:22:14+00:00","og_image":[{"width":1300,"height":876,"url":"https:\/\/astralyss.fr\/wp-content\/uploads\/2022\/07\/Plume.jpg","type":"image\/jpeg"}],"twitter_misc":{"Dur\u00e9e de lecture estim\u00e9e":"4 minutes"},"schema":{"@context":"https:\/\/schema.org","@graph":[{"@type":"WebPage","@id":"https:\/\/astralyss.fr\/?page_id=776","url":"https:\/\/astralyss.fr\/?page_id=776","name":"Livre d'or -","isPartOf":{"@id":"https:\/\/astralyss.fr\/#website"},"primaryImageOfPage":{"@id":"https:\/\/astralyss.fr\/?page_id=776#primaryimage"},"image":{"@id":"https:\/\/astralyss.fr\/?page_id=776#primaryimage"},"thumbnailUrl":"https:\/\/astralyss.fr\/wp-content\/uploads\/2022\/07\/Plume.jpg","datePublished":"2016-03-28T15:16:29+00:00","dateModified":"2022-07-25T16:22:14+00:00","description":"Vous \u00eates nombreux \u00e0 m'avoir accord\u00e9 votre confiance. Si vous souhaitez en t\u00e9moigner, le livre d'or d'Astralyss est l\u00e0 pour vous. Merci.","breadcrumb":{"@id":"https:\/\/astralyss.fr\/?page_id=776#breadcrumb"},"inLanguage":"fr-FR","potentialAction":[{"@type":"ReadAction","target":["https:\/\/astralyss.fr\/?page_id=776"]}]},{"@type":"ImageObject","inLanguage":"fr-FR","@id":"https:\/\/astralyss.fr\/?page_id=776#primaryimage","url":"https:\/\/astralyss.fr\/wp-content\/uploads\/2022\/07\/Plume.jpg","contentUrl":"https:\/\/astralyss.fr\/wp-content\/uploads\/2022\/07\/Plume.jpg","width":1300,"height":876,"caption":"Livre d'or"},{"@type":"BreadcrumbList","@id":"https:\/\/astralyss.fr\/?page_id=776#breadcrumb","itemListElement":[{"@type":"ListItem","position":1,"name":"Accueil","item":"https:\/\/astralyss.fr\/"},{"@type":"ListItem","position":2,"name":"Livre d&rsquo;or"}]},{"@type":"WebSite","@id":"https:\/\/astralyss.fr\/#website","url":"https:\/\/astralyss.fr\/","name":"","description":"L&#039;astrologie ... Pour Bien \u00catre Soi","potentialAction":[{"@type":"SearchAction","target":{"@type":"EntryPoint","urlTemplate":"https:\/\/astralyss.fr\/?s={search_term_string}"},"query-input":{"@type":"PropertyValueSpecification","valueRequired":true,"valueName":"search_term_string"}}],"inLanguage":"fr-FR"}]}},"_links":{"self":[{"href":"https:\/\/astralyss.fr\/index.php?rest_route=\/wp\/v2\/pages\/776","targetHints":{"allow":["GET"]}}],"collection":[{"href":"https:\/\/astralyss.fr\/index.php?rest_route=\/wp\/v2\/pages"}],"about":[{"href":"https:\/\/astralyss.fr\/index.php?rest_route=\/wp\/v2\/types\/page"}],"author":[{"embeddable":true,"href":"https:\/\/astralyss.fr\/index.php?rest_route=\/wp\/v2\/users\/2"}],"replies":[{"embeddable":true,"href":"https:\/\/astralyss.fr\/index.php?rest_route=%2Fwp%2Fv2%2Fcomments&post=776"}],"version-history":[{"count":44,"href":"https:\/\/astralyss.fr\/index.php?rest_route=\/wp\/v2\/pages\/776\/revisions"}],"predecessor-version":[{"id":2077,"href":"https:\/\/astralyss.fr\/index.php?rest_route=\/wp\/v2\/pages\/776\/revisions\/2077"}],"wp:featuredmedia":[{"embeddable":true,"href":"https:\/\/astralyss.fr\/index.php?rest_route=\/wp\/v2\/media\/2079"}],"wp:attachment":[{"href":"https:\/\/astralyss.fr\/index.php?rest_route=%2Fwp%2Fv2%2Fmedia&parent=776"}],"curies":[{"name":"wp","href":"https:\/\/api.w.org\/{rel}","templated":true}]}}